{"id":18,"date":"2024-06-10T08:25:52","date_gmt":"2024-06-10T08:25:52","guid":{"rendered":"http:\/\/xtratheme.combuilding\/?page_id=10"},"modified":"2026-03-11T12:08:35","modified_gmt":"2026-03-11T09:08:35","slug":"iletisim","status":"publish","type":"page","link":"https:\/\/freezeva.com\/tr\/iletisim\/","title":{"rendered":"\u0130leti\u015fim"},"content":{"rendered":"<div class=\"wpb-content-wrapper\"><p>[vc_row full_width=&#8221;stretch_row&#8221;][vc_column]<div class=\"cz_gap clr \" style=\"height: 85px\"><\/div>[vc_row_inner][vc_column_inner width=&#8221;1\/3&#8243;]<div id=\"cz_58625\" class=\"cz_58625 cz_title clr cz_title_has_icon cz_title_pos_block tac\"><a href=\"tel:02325700118\"><div class=\"cz_title_content\"><i class=\"cz_title_icon_before fa czico-092-phone-call-1\"><\/i><div class=\"cz_wpe_content\"><h3 style=\"text-align: center;\"><span style=\"color: #009640; font-size: 22px; font-weight: 500;\">+90 546 565 27 86<\/span><\/h3>\n<\/div><\/div><\/a><\/div>[\/vc_column_inner][vc_column_inner width=&#8221;1\/3&#8243;]<div id=\"cz_29981\" class=\"cz_29981 cz_title clr cz_title_has_icon cz_title_pos_block tac\"><a href=\"https:\/\/google.com\/maps\/\" target=\"_blank\" rel=\"noopener\"><div class=\"cz_title_content\"><i class=\"cz_title_icon_before fa czico-080-placeholder-3\"><\/i><div class=\"cz_wpe_content\"><h3 style=\"text-align: center;\"><span style=\"color: #009640; font-size: 22px; font-weight: 500;\">\u015eakran Hasbi Efendi Mah. \u015eair Nam\u0131k Kemal Cad. No:10A Alia\u011fa, \u0130zmir<\/span><\/h3>\n<\/div><\/div><\/a><\/div>[\/vc_column_inner][vc_column_inner width=&#8221;1\/3&#8243;]<div id=\"cz_24924\" class=\"cz_24924 cz_title clr cz_title_has_icon cz_title_pos_block tac\"><a href=\"mailto:info@freezeva.com\"><div class=\"cz_title_content\"><i class=\"cz_title_icon_before fa czico-094-envelope\"><\/i><div class=\"cz_wpe_content\"><h3 style=\"text-align: center;\"><span style=\"color: #009640; font-size: 22px; font-weight: 500;\">info@freezeva.com<\/span><\/h3>\n<\/div><\/div><\/a><\/div>[\/vc_column_inner][\/vc_row_inner]<div class=\"cz_gap clr \" style=\"height: 60px\"><\/div>[\/vc_column][\/vc_row][vc_row][vc_column]<div class=\"relative\"><div id=\"cz_80134\" class=\"cz_80134 cz_line tal\"><\/div><\/div><div class=\"clr\"><\/div><div class=\"cz_gap clr \" style=\"height: 70px\"><\/div>[\/vc_column][\/vc_row][vc_row css=&#8221;.vc_custom_1497126171788{background-position: center !important;background-repeat: no-repeat !important;background-size: cover !important;}&#8221;][vc_column width=&#8221;1\/2&#8243; css=&#8221;.vc_custom_1556514189840{padding-left: 30px !important;}&#8221;]<div id=\"cz_89541\" class=\"cz_89541 cz_title clr cz_title_pos_inline\"><div class=\"cz_title_content\"><div class=\"cz_wpe_content\"><h2><span style=\"color: #009640;\">\u0130LET\u0130\u015e\u0130M<br \/>\n<\/span><\/h2>\n<p><span style=\"color: #009640; font-size: 22px;\"><span style=\"color: #2daae1;\">Bize ula\u015f\u0131n<\/span><br \/>\n<\/span><\/p>\n<\/div><\/div><\/div><div class=\"cz_gap clr \" style=\"height: 20px\"><\/div>[vc_column_text css=&#8221;&#8221;]<span style=\"font-size: 18px; color: #666666;\">Sorular\u0131n\u0131z, \u00f6nerileriniz ya da i\u015f birli\u011fi talepleriniz i\u00e7in bize yazabilirsiniz. Sa\u011fl\u0131kl\u0131 at\u0131\u015ft\u0131rmal\u0131klar\u0131m\u0131z hakk\u0131nda merak ettiklerinizi yan\u0131tlamaktan mutluluk duyar\u0131z. Size en k\u0131sa s\u00fcrede geri d\u00f6n\u00fc\u015f yapaca\u011f\u0131z.<\/span>[\/vc_column_text]<div id=\"cz_87268\" class=\"cz_87268 cz_cf7 clr\"><div>\n<div class=\"wpcf7 no-js\" id=\"wpcf7-f505-o1\" lang=\"en-US\" dir=\"ltr\" data-wpcf7-id=\"505\">\n<div class=\"screen-reader-response\"><p role=\"status\" aria-live=\"polite\" aria-atomic=\"true\"><\/p> <ul><\/ul><\/div>\n<form action=\"\/tr\/wp-json\/wp\/v2\/pages\/18#wpcf7-f505-o1\" method=\"post\" class=\"wpcf7-form init\" aria-label=\"Contact form\" novalidate=\"novalidate\" data-status=\"init\">\n<fieldset class=\"hidden-fields-container\"><input type=\"hidden\" name=\"_wpcf7\" value=\"505\" \/><input type=\"hidden\" name=\"_wpcf7_version\" value=\"6.1.5\" \/><input type=\"hidden\" name=\"_wpcf7_locale\" value=\"en_US\" \/><input type=\"hidden\" name=\"_wpcf7_unit_tag\" value=\"wpcf7-f505-o1\" \/><input type=\"hidden\" name=\"_wpcf7_container_post\" value=\"0\" \/><input type=\"hidden\" name=\"_wpcf7_posted_data_hash\" value=\"\" \/>\n<\/fieldset>\n<p><span class=\"wpcf7-form-control-wrap\" data-name=\"your-name\"><input size=\"40\" maxlength=\"400\" class=\"wpcf7-form-control wpcf7-text wpcf7-validates-as-required\" aria-required=\"true\" aria-invalid=\"false\" placeholder=\"Ad\u0131n\u0131z (*)\" value=\"\" type=\"text\" name=\"your-name\" \/><\/span>\n<\/p>\n<p><span class=\"wpcf7-form-control-wrap\" data-name=\"your-phone\"><input size=\"40\" maxlength=\"400\" class=\"wpcf7-form-control wpcf7-email wpcf7-validates-as-required wpcf7-text wpcf7-validates-as-email\" aria-required=\"true\" aria-invalid=\"false\" placeholder=\"Telefon Numaran\u0131z (*)\" value=\"\" type=\"email\" name=\"your-phone\" \/><\/span>\n<\/p>\n<p><span class=\"wpcf7-form-control-wrap\" data-name=\"your-mail\"><input size=\"40\" maxlength=\"400\" class=\"wpcf7-form-control wpcf7-text\" aria-invalid=\"false\" placeholder=\"E-Posta Adresiniz\" value=\"\" type=\"text\" name=\"your-mail\" \/><\/span>\n<\/p>\n<p><span class=\"wpcf7-form-control-wrap\" data-name=\"menu-178\"><select class=\"wpcf7-form-control wpcf7-select\" aria-invalid=\"false\" name=\"menu-178\"><option value=\"Genel\">Genel<\/option><option value=\"Muhasebe\">Muhasebe<\/option><option value=\"Sat\u0131\u015f\">Sat\u0131\u015f<\/option><option value=\"Tedarik\">Tedarik<\/option><option value=\"Di\u011fer\">Di\u011fer<\/option><\/select><\/span>\n<\/p>\n<p><span class=\"wpcf7-form-control-wrap\" data-name=\"your-message\"><textarea cols=\"40\" rows=\"10\" maxlength=\"2000\" class=\"wpcf7-form-control wpcf7-textarea\" aria-invalid=\"false\" placeholder=\"Mesaj\u0131n\u0131z\" name=\"your-message\"><\/textarea><\/span>\n<\/p>\n<p><input class=\"wpcf7-form-control wpcf7-submit has-spinner\" type=\"submit\" value=\"Mesaj\u0131 G\u00f6nder\" \/>\n<\/p><div class=\"wpcf7-response-output\" aria-hidden=\"true\"><\/div>\n<\/form>\n<\/div>\n<\/div><\/div>[\/vc_column][vc_column width=&#8221;1\/2&#8243;]<div id=\"cz_10013\" class=\"cz_10013 gmap\" data-api-key=\"AIzaSyDlb5yYWNTX7KzJV0SReBRIdlOt96zZCDE\"> <\/div><div ><\/div><script>\r\n\r\n\t\tfunction mapfunction_cz_10013() {\r\n\r\n\t\t\tconst codevzPlusWaitForOverlay = setInterval(() => {\r\n\r\n\t\t\t\tif (typeof google.maps.OverlayView !== \"undefined\") {\r\n\r\n\t\t\t\t\tclearInterval(codevzPlusWaitForOverlay);\r\n\r\n\t\t\t\t\tgoogle.maps.Map.prototype.setCenterWithOffset = function(latlng, offsetX, offsetY) {\r\n\t\t\t\t\t    var map = this;\r\n\t\t\t\t\t    var ov = new google.maps.OverlayView();\r\n\t\t\t\t\t    ov.onAdd = function() {\r\n\t\t\t\t\t        var proj = this.getProjection();\r\n\t\t\t\t\t        var aPoint = proj.fromLatLngToContainerPixel(latlng);\r\n\t\t\t\t\t        aPoint.x = aPoint.x+offsetX;\r\n\t\t\t\t\t        aPoint.y = aPoint.y+offsetY;\r\n\t\t\t\t\t        map.setCenter(proj.fromContainerPixelToLatLng(aPoint));\r\n\t\t\t\t\t    }; \r\n\t\t\t\t\t    ov.draw = function() {}; \r\n\t\t\t\t\t    ov.setMap(this); \r\n\t\t\t\t\t};\r\n\r\n\t\t\t\t\tvar windx = jQuery(window), \r\n\r\n\t\t\t\t\t\tlatlng = { lat:38.798818922907294, lng:26.973373508743528},\r\n\r\n\t\t\t\t\t\tmyOptions = {\r\n\t\t\t\t\t\t\tmapId: \"\",\r\n\t\t\t\t\t\t\tzoom: 16,\r\n\t\t\t\t\t\t\tscrollwheel: false,\r\n\t\t\t\t\t\t\tdisableDefaultUI: false,\r\n\t\t\t\t\t\t\tcenter: latlng,\r\n\t\t\t\t\t\t\tfullscreenControl: false,\r\n\t\t\t\t\t\t\tmapTypeControl: false,\r\n\t\t\t\t\t\t\tkeyboardShortcuts: false\r\n\t\t\t\t\t\t},\r\n\r\n\t\t\t\t\t\tcz_10013 = new google.maps.Map(document.getElementById(\"cz_10013\"), myOptions ),\r\n\r\n\t\t\t\t\t\tsetCenterOffset = function() {\r\n\r\n\t\t\t\t\t\t\tif ( windx.width() < 768 ) {\r\n\t\t\t\t\t\t\t\tcz_10013.setCenterWithOffset( latlng, 0, 0 );\r\n\t\t\t\t\t\t\t} else {\r\n\t\t\t\t\t\t\t\tcz_10013.setCenterWithOffset( latlng, 0, 0 );\r\n\t\t\t\t\t\t\t}\r\n\r\n\t\t\t\t\t\t};\r\n\r\n\t\t\t\t\t\tsetCenterOffset();\r\n\r\n\t\t\t\t\t\twindx.on( \"resize\", function() {\r\n\t\t\t\t\t\t\tsetCenterOffset();\r\n\t\t\t\t\t\t});\r\n\t\t\t\t\tvar styles = [{\"featureType\": \"all\",stylers: [{ hue: \"#006D2E\" },{ saturation: -20}]}];var styledMap = new google.maps.StyledMapType(styles,{name: \"Styled Map\"});cz_10013.mapTypes.set(\"map_style\", styledMap);  cz_10013.setMapTypeId(\"map_style\");class CustomMarker extends google.maps.OverlayView {\r\n\t\t\t\t\t\t    constructor(position, map) {\r\n\t\t\t\t\t\t        super();\r\n\t\t\t\t\t\t        this.position = position;\r\n\t\t\t\t\t\t        this.map = map;\r\n\t\t\t\t\t\t        this.div = null;\r\n\t\t\t\t\t\t        this.setMap(map);\r\n\t\t\t\t\t\t    }\r\n\r\n\t\t\t\t\t\t    onAdd() {\r\n\t\t\t\t\t\t        this.div = document.createElement(\"div\");\r\n\t\t\t\t\t\t        this.div.style.position = \"absolute\";\r\n\t\t\t\t\t\t        this.div.style.cursor = \"pointer\";\r\n\t\t\t\t\t\t        this.div.style.transform = \"translate(-50%, -100%)\";\r\n\t\t\t\t\t\t        this.div.innerHTML = `<div style=\"position:relative; text-align:center;\">\r\n\t\t\t\t\t\t                                <div style=\"position:absolute;top: -10px;left: 50%;transform: translate(-50%, -100%);background: white;color: #202020;padding: 15px 20px;border-radius: 2px;font-size: 15px;white-space: nowrap;box-shadow: 0px 2px 10px rgba(0, 0, 0, 0.2);display: none;font-family: Arial, sans-serif;\" class=\"tooltip\">\r\n\t\t\t\t\t\t                                \tFreezeva HQ\r\n\t\t\t\t\t\t                                <\/div>\r\n\t\t\t\t\t\t                                <img decoding=\"async\" loading=\"lazy\" src=\"https:\/\/freezeva.com\/tr\/wp-content\/uploads\/2025\/09\/mappin.png\" style=\"display:block;\" \/>\r\n\t\t\t\t\t\t                              <\/div>`;\r\n\r\n\t\t\t\t\t\t        this.getPanes().overlayMouseTarget.appendChild(this.div);\r\n\t\t\t\t\t\t        this.tooltip = this.div.querySelector(\".tooltip\");\r\n\r\n\t\t\t\t\t\t        \/\/ Show title on click\r\n\t\t\t\t\t\t        this.div.addEventListener(\"click\", (event) => {\r\n\t\t\t\t\t\t            event.stopPropagation();\r\n\t\t\t\t\t\t            this.tooltip.style.display = this.tooltip.style.display === \"block\" ? \"none\" : \"block\";\r\n\t\t\t\t\t\t        });\r\n\r\n\t\t\t\t\t\t        \/\/ Hide title when clicking outside\r\n\t\t\t\t\t\t        google.maps.event.addListener(this.map, \"click\", () => {\r\n\t\t\t\t\t\t            this.tooltip.style.display = \"none\";\r\n\t\t\t\t\t\t        });\r\n\t\t\t\t\t\t    }\r\n\r\n\t\t\t\t\t\t    draw() {\r\n\t\t\t\t\t\t        const overlayProjection = this.getProjection();\r\n\t\t\t\t\t\t        const position = overlayProjection.fromLatLngToDivPixel(this.position);\r\n\r\n\t\t\t\t\t\t        if (position && this.div) {\r\n\t\t\t\t\t\t            this.div.style.left = `${position.x}px`;\r\n\t\t\t\t\t\t            this.div.style.top = `${position.y}px`;\r\n\t\t\t\t\t\t        }\r\n\t\t\t\t\t\t    }\r\n\r\n\t\t\t\t\t\t    onRemove() {\r\n\t\t\t\t\t\t        if (this.div) {\r\n\t\t\t\t\t\t            this.div.parentNode.removeChild(this.div);\r\n\t\t\t\t\t\t            this.div = null;\r\n\t\t\t\t\t\t        }\r\n\t\t\t\t\t\t    }\r\n\t\t\t\t\t\t}\r\n\r\n\t\t\t\t\t\t\/\/ Add a custom marker at a specific location\r\n\t\t\t\t\t\tnew CustomMarker(new google.maps.LatLng(38.798818922907294, 26.973373508743528), cz_10013);}}, 250 );}<\/script>[\/vc_column][\/vc_row][vc_row][vc_column]<div class=\"cz_gap clr  hide_on_tablet hide_on_mobile\" style=\"height: 120px\"><\/div><div class=\"cz_gap show_on_tablet clr \" style=\"height: 60px\"><\/div>[\/vc_column][\/vc_row]<\/p>\n<\/div>","protected":false},"excerpt":{"rendered":"<p>[vc_row full_width=&#8221;stretch_row&#8221;][vc_column][vc_row_inner][vc_column_inner width=&#8221;1\/3&#8243;][\/vc_column_inner][vc_column_inner width=&#8221;1\/3&#8243;][\/vc_column_inner][vc_column_inner width=&#8221;1\/3&#8243;][\/vc_column_inner][\/vc_row_inner][\/vc_column][\/vc_row][vc_row][vc_column][\/vc_column][\/vc_row][vc_row css=&#8221;.vc_custom_1497126171788{background-position: center !important;background-repeat: no-repeat !important;background-size: cover &#8230; <\/p>\n","protected":false},"author":1,"featured_media":0,"parent":0,"menu_order":0,"comment_status":"closed","ping_status":"closed","template":"","meta":{"footnotes":""},"class_list":["post-18","page","type-page","status-publish","hentry"],"_links":{"self":[{"href":"https:\/\/freezeva.com\/tr\/wp-json\/wp\/v2\/pages\/18","targetHints":{"allow":["GET"]}}],"collection":[{"href":"https:\/\/freezeva.com\/tr\/wp-json\/wp\/v2\/pages"}],"about":[{"href":"https:\/\/freezeva.com\/tr\/wp-json\/wp\/v2\/types\/page"}],"author":[{"embeddable":true,"href":"https:\/\/freezeva.com\/tr\/wp-json\/wp\/v2\/users\/1"}],"replies":[{"embeddable":true,"href":"https:\/\/freezeva.com\/tr\/wp-json\/wp\/v2\/comments?post=18"}],"version-history":[{"count":7,"href":"https:\/\/freezeva.com\/tr\/wp-json\/wp\/v2\/pages\/18\/revisions"}],"predecessor-version":[{"id":2343,"href":"https:\/\/freezeva.com\/tr\/wp-json\/wp\/v2\/pages\/18\/revisions\/2343"}],"wp:attachment":[{"href":"https:\/\/freezeva.com\/tr\/wp-json\/wp\/v2\/media?parent=18"}],"curies":[{"name":"wp","href":"https:\/\/api.w.org\/{rel}","templated":true}]}}