{"id":1825,"date":"2025-09-10T05:37:46","date_gmt":"2025-09-10T02:37:46","guid":{"rendered":"https:\/\/freezeva.com\/tr\/?page_id=1825"},"modified":"2025-09-10T06:22:13","modified_gmt":"2025-09-10T03:22:13","slug":"freeze-dry-nedir","status":"publish","type":"page","link":"https:\/\/freezeva.com\/tr\/freeze-dry-nedir\/","title":{"rendered":"Freeze Dry Nedir"},"content":{"rendered":"<div class=\"wpb-content-wrapper\"><p>[vc_row css=&#8221;.vc_custom_1556484376874{margin-top: -80px !important;}&#8221;][vc_column]<div class=\"cz_gap clr  hide_on_mobile\" style=\"height: 100px\"><\/div><div class=\"cz_gap show_on_mobile clr\" style=\"height: 50px\"><\/div>[\/vc_column][\/vc_row][vc_row full_width=&#8221;stretch_row&#8221;][vc_column offset=&#8221;vc_col-md-6&#8243;]<div id=\"cz_80287\" class=\"cz_80287 cz_title clr cz_mobile_text_center cz_title_pos_inline\"><div class=\"cz_title_content\"><div class=\"cz_wpe_content\"><h2><span style=\"color: #009640;\">FREEZE-DRY NED\u0130R?<\/span><\/h2>\n<p><span style=\"font-size: 22px; color: #2daae1;\">Dondurularak kurutma (lyophilization) s\u00fcrecini tan\u0131yal\u0131m<\/span><\/p>\n<\/div><\/div><\/div><div class=\"cz_gap clr \" style=\"height: 20px\"><\/div><div id=\"cz_91871\" class=\"cz_91871 cz_title clr cz_title_pos_inline\"><div class=\"cz_title_content\"><div class=\"cz_wpe_content\"><p style=\"text-align: justify;\"><span style=\"font-size: 20px; margin-top: 10px; display: inline-block; color: #666666; font-weight: 300;\"><br \/>\nFreeze-Dry teknolojisi; meyve ve sebzelerin <strong>do\u011fal tat, renk, aroma ve besin de\u011ferlerini<\/strong> koruyarak uzun s\u00fcre dayanmas\u0131n\u0131 sa\u011flayan <strong>en ileri g\u0131da kurutma y\u00f6ntemidir<\/strong>. \u00dcr\u00fcnlerimiz hasattan hemen sonra tazeyken dondurulur; ard\u0131ndan <strong>d\u00fc\u015f\u00fck bas\u0131n\u00e7 ve d\u00fc\u015f\u00fck \u0131s\u0131da<\/strong> buz kristalleri s\u0131v\u0131 hale gelmeden do\u011frudan buharla\u015ft\u0131r\u0131l\u0131r (s\u00fcblimle\u015fme). B\u00f6ylece vitamin ve mineraller zarar g\u00f6rmez; <span style=\"color: #009640;\"><strong>hi\u00e7bir katk\u0131 maddesi ve koruyucu eklenmez<\/strong>.<\/span><\/span><\/p>\n<\/div><\/div><\/div><div class=\"cz_gap clr \" style=\"height: 30px\"><\/div>[\/vc_column][vc_column offset=&#8221;vc_col-md-6&#8243;]<div id=\"cz_81920\" data-position=\"top-right\" class=\"cz_81920 cz_image clr cz_image_no_fx center_on_mobile\"><div class=\"\" ><div class=\"cz_image_in\"><div class=\"cz_main_image\"><img fetchpriority=\"high\" loading=\"eager\" decoding=\"sync\" data-no-lazy=\"1\" width=\"1536\" height=\"1024\" src=\"https:\/\/freezeva.com\/tr\/wp-content\/uploads\/2025\/09\/freezedry-makine.jpg\" class=\"attachment-full\" alt=\"Freezedry makine\" title=\"freezedry-makine\" srcset=\"https:\/\/freezeva.com\/tr\/wp-content\/uploads\/2025\/09\/freezedry-makine.jpg 1536w, https:\/\/freezeva.com\/tr\/wp-content\/uploads\/2025\/09\/freezedry-makine-600x400.jpg 600w, https:\/\/freezeva.com\/tr\/wp-content\/uploads\/2025\/09\/freezedry-makine-1000x667.jpg 1000w, https:\/\/freezeva.com\/tr\/wp-content\/uploads\/2025\/09\/freezedry-makine-300x200.jpg 300w, https:\/\/freezeva.com\/tr\/wp-content\/uploads\/2025\/09\/freezedry-makine-1024x683.jpg 1024w, https:\/\/freezeva.com\/tr\/wp-content\/uploads\/2025\/09\/freezedry-makine-768x512.jpg 768w\" sizes=\"(max-width: 1536px) 100vw, 1536px\"  \/><\/div><\/div><\/div><\/div>[\/vc_column][\/vc_row][vc_row css=&#8221;.vc_custom_1556484376874{margin-top: -80px !important;}&#8221;][vc_column]<div class=\"cz_gap clr  hide_on_mobile\" style=\"height: 100px\"><\/div><div class=\"cz_gap show_on_mobile clr\" style=\"height: 50px\"><\/div>[\/vc_column][\/vc_row][vc_row full_width=&#8221;stretch_row&#8221; content_placement=&#8221;middle&#8221;][vc_column offset=&#8221;vc_col-md-6&#8243;]<div id=\"cz_37179\" data-position=\"top-right\" class=\"cz_37179 cz_image clr cz_image_no_fx center_on_mobile\"><div class=\"\" ><div class=\"cz_image_in\"><div class=\"cz_main_image\"><img decoding=\"async\" width=\"1536\" height=\"1024\" src=\"https:\/\/freezeva.com\/tr\/wp-content\/uploads\/2025\/09\/freezedry-makine2.jpg\" class=\"attachment-full\" alt=\"Freezedry makine2\" title=\"freezedry-makine2\" srcset=\"https:\/\/freezeva.com\/tr\/wp-content\/uploads\/2025\/09\/freezedry-makine2.jpg 1536w, https:\/\/freezeva.com\/tr\/wp-content\/uploads\/2025\/09\/freezedry-makine2-600x400.jpg 600w, https:\/\/freezeva.com\/tr\/wp-content\/uploads\/2025\/09\/freezedry-makine2-1000x667.jpg 1000w, https:\/\/freezeva.com\/tr\/wp-content\/uploads\/2025\/09\/freezedry-makine2-300x200.jpg 300w, https:\/\/freezeva.com\/tr\/wp-content\/uploads\/2025\/09\/freezedry-makine2-1024x683.jpg 1024w, https:\/\/freezeva.com\/tr\/wp-content\/uploads\/2025\/09\/freezedry-makine2-768x512.jpg 768w\" sizes=\"auto, (max-width: 1536px) 100vw, 1536px\" loading=\"lazy\" \/><\/div><\/div><\/div><\/div>[\/vc_column][vc_column offset=&#8221;vc_col-md-6&#8243;]<div id=\"cz_71642\" class=\"cz_71642 cz_title clr cz_mobile_text_center cz_title_pos_inline\"><div class=\"cz_title_content\"><div class=\"cz_wpe_content\"><h2><span style=\"color: #009640;\">AVANTAJLARI<\/span><\/h2>\n<p><span style=\"font-size: 22px; color: #2daae1;\">Freeze Dry teknolojisinin avantajlar\u0131<\/span><\/p>\n<\/div><\/div><\/div><div class=\"cz_gap clr \" style=\"height: 20px\"><\/div><div class=\"clr\"><ul id=\"cz_37003\" class=\"cz_37003 cz_stylish_list clr cz_sl_icon_hover_zoom_in\"><li class=\"clr\"><div class=\"cz_sl_icon cz_sl_image\"><i class=\"mr10\"><img decoding=\"async\" width=\"512\" height=\"512\" src=\"https:\/\/freezeva.com\/tr\/wp-content\/uploads\/2025\/09\/main-left-amblem.png\" class=\"attachment-full\" alt=\"Main left amblem\" title=\"main-left-amblem\" srcset=\"https:\/\/freezeva.com\/tr\/wp-content\/uploads\/2025\/09\/main-left-amblem.png 512w, https:\/\/freezeva.com\/tr\/wp-content\/uploads\/2025\/09\/main-left-amblem-100x100.png 100w, https:\/\/freezeva.com\/tr\/wp-content\/uploads\/2025\/09\/main-left-amblem-300x300.png 300w, https:\/\/freezeva.com\/tr\/wp-content\/uploads\/2025\/09\/main-left-amblem-150x150.png 150w\" sizes=\"auto, (max-width: 512px) 100vw, 512px\" loading=\"lazy\" \/><\/i><\/div><div><span>Besin de\u011feri y\u00fcksek oranda korunur<small>Vitamin\/minerallerin b\u00fcy\u00fck b\u00f6l\u00fcm\u00fc yerinde kal\u0131r.<\/small><\/span><\/div><\/li><li class=\"clr\"><div class=\"cz_sl_icon cz_sl_image\"><i class=\"mr10\"><img decoding=\"async\" width=\"512\" height=\"512\" src=\"https:\/\/freezeva.com\/tr\/wp-content\/uploads\/2025\/09\/main-left-amblem.png\" class=\"attachment-full\" alt=\"Main left amblem\" title=\"main-left-amblem\" srcset=\"https:\/\/freezeva.com\/tr\/wp-content\/uploads\/2025\/09\/main-left-amblem.png 512w, https:\/\/freezeva.com\/tr\/wp-content\/uploads\/2025\/09\/main-left-amblem-100x100.png 100w, https:\/\/freezeva.com\/tr\/wp-content\/uploads\/2025\/09\/main-left-amblem-300x300.png 300w, https:\/\/freezeva.com\/tr\/wp-content\/uploads\/2025\/09\/main-left-amblem-150x150.png 150w\" sizes=\"auto, (max-width: 512px) 100vw, 512px\" loading=\"lazy\" \/><\/i><\/div><div><span>Do\u011fal renk ve yo\u011fun aroma<small>Tat kayb\u0131 minimum, meyve karakteri maksimumdur.<\/small><\/span><\/div><\/li><li class=\"clr\"><div class=\"cz_sl_icon cz_sl_image\"><i class=\"mr10\"><img decoding=\"async\" width=\"512\" height=\"512\" src=\"https:\/\/freezeva.com\/tr\/wp-content\/uploads\/2025\/09\/main-left-amblem.png\" class=\"attachment-full\" alt=\"Main left amblem\" title=\"main-left-amblem\" srcset=\"https:\/\/freezeva.com\/tr\/wp-content\/uploads\/2025\/09\/main-left-amblem.png 512w, https:\/\/freezeva.com\/tr\/wp-content\/uploads\/2025\/09\/main-left-amblem-100x100.png 100w, https:\/\/freezeva.com\/tr\/wp-content\/uploads\/2025\/09\/main-left-amblem-300x300.png 300w, https:\/\/freezeva.com\/tr\/wp-content\/uploads\/2025\/09\/main-left-amblem-150x150.png 150w\" sizes=\"auto, (max-width: 512px) 100vw, 512px\" loading=\"lazy\" \/><\/i><\/div><div><span>Katk\u0131s\u0131z & koruyucusuz<small>Etiketlerimizde yaln\u0131zca %100 meyve.<\/small><\/span><\/div><\/li><li class=\"clr\"><div class=\"cz_sl_icon cz_sl_image\"><i class=\"mr10\"><img decoding=\"async\" width=\"512\" height=\"512\" src=\"https:\/\/freezeva.com\/tr\/wp-content\/uploads\/2025\/09\/main-left-amblem.png\" class=\"attachment-full\" alt=\"Main left amblem\" title=\"main-left-amblem\" srcset=\"https:\/\/freezeva.com\/tr\/wp-content\/uploads\/2025\/09\/main-left-amblem.png 512w, https:\/\/freezeva.com\/tr\/wp-content\/uploads\/2025\/09\/main-left-amblem-100x100.png 100w, https:\/\/freezeva.com\/tr\/wp-content\/uploads\/2025\/09\/main-left-amblem-300x300.png 300w, https:\/\/freezeva.com\/tr\/wp-content\/uploads\/2025\/09\/main-left-amblem-150x150.png 150w\" sizes=\"auto, (max-width: 512px) 100vw, 512px\" loading=\"lazy\" \/><\/i><\/div><div><span>Hafif ve pratik<small>Su uzakla\u015ft\u0131\u011f\u0131 i\u00e7in \u00fcr\u00fcnler hafifler; ta\u015f\u0131mas\u0131 \u00e7ok kolayd\u0131r.<\/small><\/span><\/div><\/li><li class=\"clr\"><div class=\"cz_sl_icon cz_sl_image\"><i class=\"mr10\"><img decoding=\"async\" width=\"512\" height=\"512\" src=\"https:\/\/freezeva.com\/tr\/wp-content\/uploads\/2025\/09\/main-left-amblem.png\" class=\"attachment-full\" alt=\"Main left amblem\" title=\"main-left-amblem\" srcset=\"https:\/\/freezeva.com\/tr\/wp-content\/uploads\/2025\/09\/main-left-amblem.png 512w, https:\/\/freezeva.com\/tr\/wp-content\/uploads\/2025\/09\/main-left-amblem-100x100.png 100w, https:\/\/freezeva.com\/tr\/wp-content\/uploads\/2025\/09\/main-left-amblem-300x300.png 300w, https:\/\/freezeva.com\/tr\/wp-content\/uploads\/2025\/09\/main-left-amblem-150x150.png 150w\" sizes=\"auto, (max-width: 512px) 100vw, 512px\" loading=\"lazy\" \/><\/i><\/div><div><span>Uzun raf \u00f6mr\u00fc<small>Do\u011fru saklama ile k\u0131t\u0131rl\u0131k ve kalite uzun s\u00fcre korunur.<\/small><\/span><\/div><\/li><\/ul><\/div><div class=\"cz_gap clr \" style=\"height: 30px\"><\/div>[\/vc_column][\/vc_row][vc_row css=&#8221;.vc_custom_1556484376874{margin-top: -80px !important;}&#8221;][vc_column]<div class=\"cz_gap clr  hide_on_mobile\" style=\"height: 150px\"><\/div><div class=\"cz_gap show_on_mobile clr\" style=\"height: 50px\"><\/div>[\/vc_column][\/vc_row][vc_row][vc_column]<div id=\"cz_39346\" class=\"cz_39346 cz_title clr cz_mobile_text_center cz_title_pos_center tac\"><div class=\"cz_title_content\"><div class=\"cz_wpe_content\"><h2 style=\"text-align: center;\"><span style=\"color: #009640;\">S\u00dcRE\u00c7 NASIL \u0130\u015eLER?<\/span><\/h2>\n<p style=\"text-align: center;\"><span style=\"font-size: 22px; color: #2daae1;\">Freeze-Dry\u2019in 3 a\u015famas\u0131<\/span><\/p>\n<\/div><\/div><\/div><div class=\"cz_gap clr \" style=\"height: 20px\"><\/div>[\/vc_column][\/vc_row][vc_row gap=&#8221;5&#8243; equal_height=&#8221;yes&#8221;][vc_column width=&#8221;1\/3&#8243; css=&#8221;.vc_custom_1757473897947{border-top-width: 1px !important;border-right-width: 1px !important;border-bottom-width: 1px !important;border-left-width: 1px !important;border-left-style: solid !important;border-right-style: solid !important;border-top-style: solid !important;border-bottom-style: solid !important;border-radius: 20px !important;border-color: #009640 !important;}&#8221;]<div class=\"xtra-service-box fx_zoom_0\"><div id=\"cz_53413\" class=\"cz_53413 services clr style1 services_b\"><div class=\"service_custom\"><i class=\"fa czico-snowflake-4\"><\/i><\/div><div class=\"service_text\"><h3>H\u0131zl\u0131 Dondurma<\/h3><span class=\"cz_sb_sep_line bar\"><\/span><div class=\"cz_wpe_content\"><p data-pm-slice=\"1 1 []\"><span style=\"color: #666666;\">Taze meyve ve sebzeler yakla\u015f\u0131k -40\u00b0C\u2019de h\u0131zla dondurulur. Bu i\u015flem h\u00fccrelerdeki suyun k\u00fc\u00e7\u00fck buz kristallerine d\u00f6n\u00fc\u015fmesini sa\u011flar ve doku b\u00fct\u00fcnl\u00fc\u011f\u00fcn\u00fc korur.<\/span><\/p>\n<\/div><\/div><\/div><\/div>[\/vc_column][vc_column width=&#8221;1\/3&#8243; css=&#8221;.vc_custom_1757473921363{border-top-width: 1px !important;border-right-width: 1px !important;border-bottom-width: 1px !important;border-left-width: 1px !important;border-left-style: solid !important;border-right-style: solid !important;border-top-style: solid !important;border-bottom-style: solid !important;border-radius: 20px !important;border-color: #009640 !important;}&#8221;]<div class=\"xtra-service-box fx_zoom_0\"><div id=\"cz_21417\" class=\"cz_21417 services clr style1 services_b\"><div class=\"service_custom\"><i class=\"fab fa-cloudversify\"><\/i><\/div><div class=\"service_text\"><h3>S\u00fcblimle\u015fme<\/h3><span class=\"cz_sb_sep_line bar\"><\/span><div class=\"cz_wpe_content\"><p data-pm-slice=\"1 1 []\"><span style=\"color: #666666;\">\u00d6zel vakum odalar\u0131nda buz, s\u0131v\u0131 hale gelmeden do\u011frudan buharla\u015f\u0131r. B\u00f6ylece \u00fcr\u00fcn\u00fcn doku yap\u0131s\u0131 ve besin de\u011feri y\u00fcksek seviyede korunur.<\/span><\/p>\n<\/div><\/div><\/div><\/div>[\/vc_column][vc_column width=&#8221;1\/3&#8243; css=&#8221;.vc_custom_1757473936931{border-top-width: 1px !important;border-right-width: 1px !important;border-bottom-width: 1px !important;border-left-width: 1px !important;border-left-style: solid !important;border-right-style: solid !important;border-top-style: solid !important;border-bottom-style: solid !important;border-radius: 20px !important;border-color: #009640 !important;}&#8221;]<div class=\"xtra-service-box fx_zoom_0\"><div id=\"cz_44422\" class=\"cz_44422 services clr style1 services_b\"><div class=\"service_custom\"><i class=\"fas fa-droplet-slash\"><\/i><\/div><div class=\"service_text\"><h3>Sekonder Kurutma<\/h3><span class=\"cz_sb_sep_line bar\"><\/span><div class=\"cz_wpe_content\"><p data-pm-slice=\"1 1 []\"><span style=\"color: #666666;\">Kalan nem %2 seviyelerine indirilir. Bu sayede \u00fcr\u00fcnler bozulmadan uzun s\u00fcre saklanabilir, \u00e7\u0131t\u0131r k\u0131vam\u0131 korunur.<\/span><\/p>\n<\/div><\/div><\/div><\/div>[\/vc_column][\/vc_row][vc_row][vc_column]<div class=\"cz_gap clr  hide_on_mobile\" style=\"height: 150px\"><\/div><div class=\"cz_gap show_on_mobile clr\" style=\"height: 0px\"><\/div>[\/vc_column][\/vc_row]<\/p>\n<\/div>","protected":false},"excerpt":{"rendered":"<p>[vc_row css=&#8221;.vc_custom_1556484376874{margin-top: -80px !important;}&#8221;][vc_column][\/vc_column][\/vc_row][vc_row full_width=&#8221;stretch_row&#8221;][vc_column offset=&#8221;vc_col-md-6&#8243;][\/vc_column][vc_column offset=&#8221;vc_col-md-6&#8243;][\/vc_column][\/vc_row][vc_row css=&#8221;.vc_custom_1556484376874{margin-top: -80px !important;}&#8221;][vc_column][\/vc_column][\/vc_row][vc_row full_width=&#8221;stretch_row&#8221; &#8230; <\/p>\n","protected":false},"author":1,"featured_media":0,"parent":0,"menu_order":0,"comment_status":"closed","ping_status":"closed","template":"","meta":{"footnotes":""},"class_list":["post-1825","page","type-page","status-publish","hentry"],"_links":{"self":[{"href":"https:\/\/freezeva.com\/tr\/wp-json\/wp\/v2\/pages\/1825","targetHints":{"allow":["GET"]}}],"collection":[{"href":"https:\/\/freezeva.com\/tr\/wp-json\/wp\/v2\/pages"}],"about":[{"href":"https:\/\/freezeva.com\/tr\/wp-json\/wp\/v2\/types\/page"}],"author":[{"embeddable":true,"href":"https:\/\/freezeva.com\/tr\/wp-json\/wp\/v2\/users\/1"}],"replies":[{"embeddable":true,"href":"https:\/\/freezeva.com\/tr\/wp-json\/wp\/v2\/comments?post=1825"}],"version-history":[{"count":36,"href":"https:\/\/freezeva.com\/tr\/wp-json\/wp\/v2\/pages\/1825\/revisions"}],"predecessor-version":[{"id":1882,"href":"https:\/\/freezeva.com\/tr\/wp-json\/wp\/v2\/pages\/1825\/revisions\/1882"}],"wp:attachment":[{"href":"https:\/\/freezeva.com\/tr\/wp-json\/wp\/v2\/media?parent=1825"}],"curies":[{"name":"wp","href":"https:\/\/api.w.org\/{rel}","templated":true}]}}