{"id":1835,"date":"2025-09-10T05:50:05","date_gmt":"2025-09-10T02:50:05","guid":{"rendered":"https:\/\/freezeva.com\/tr\/?page_id=1835"},"modified":"2025-09-10T08:16:57","modified_gmt":"2025-09-10T05:16:57","slug":"urunlerimiz","status":"publish","type":"page","link":"https:\/\/freezeva.com\/tr\/urunlerimiz\/","title":{"rendered":"\u00dcr\u00fcnlerimiz"},"content":{"rendered":"<div class=\"wpb-content-wrapper\"><p>[vc_row][vc_column]<div id=\"cz_36155\" class=\"cz_36155 cz_title clr cz_title_ba_line cz_title_pos_center tac\"><div class=\"cz_title_shape shape_image cz_shape_1\"><img decoding=\"async\" width=\"512\" height=\"512\" src=\"https:\/\/freezeva.com\/tr\/wp-content\/uploads\/2025\/09\/favico.png\" class=\"attachment-full\" alt=\"Favico\" title=\"favico\" srcset=\"https:\/\/freezeva.com\/tr\/wp-content\/uploads\/2025\/09\/favico.png 512w, https:\/\/freezeva.com\/tr\/wp-content\/uploads\/2025\/09\/favico-100x100.png 100w, https:\/\/freezeva.com\/tr\/wp-content\/uploads\/2025\/09\/favico-300x300.png 300w, https:\/\/freezeva.com\/tr\/wp-content\/uploads\/2025\/09\/favico-150x150.png 150w\" sizes=\"auto, (max-width: 512px) 100vw, 512px\" loading=\"lazy\" \/><\/div><div class=\"cz_title_content\"><div class=\"cz_wpe_content\"><p style=\"text-align: center;\"><span style=\"font-size: 42px; font-family: Montserrat; color: #009640;\"><span style=\"font-weight: 200;\">FREEZE DRIED<\/span> <span style=\"font-weight: 500;\">\u00dcR\u00dcNLER\u0130M\u0130Z<\/span><br \/>\n<\/span><\/p>\n<\/div><div class=\"cz_title_line cz_line_after_title\"><span>_<\/span><\/div><\/div><\/div><div class=\"cz_gap clr \" style=\"height: 10px\"><\/div><div id=\"cz_urunler_aciklama\" class=\"cz_urunler_aciklama cz_title clr cz_title_pos_inline tac\"><div class=\"cz_title_content\"><div class=\"cz_wpe_content\"><p style=\"text-align: center;\"><span style=\"font-size: 22px; font-weight: 300; color: #666;\"><br \/>\nDondurularak kurutulmu\u015f (%100 meyve) at\u0131\u015ft\u0131rmal\u0131klar\u0131m\u0131z; katk\u0131s\u0131z, koruyucusuz, yo\u011fun aromal\u0131 ve hafif.<br \/>\nA\u015fa\u011f\u0131dan mevcut \u00e7e\u015fitlerimizi inceleyin\u2014yak\u0131nda yeni tatlar da ekleniyor.<br \/>\n<\/span><\/p>\n<\/div><\/div><\/div><div class=\"cz_gap clr \" style=\"height: 30px\"><\/div>[\/vc_column][\/vc_row][vc_row][vc_column]<div id=\"cz_33146\" class=\"cz_33146\"><div class=\"cz_grid cz_grid_posts cz_grid_1 clr cz_grid_c4 cz_grid_1_title_sub_after cz_grid_1_bot tac cz_meta_all_center\" data-atts='{\"action\":\"cz_ajax_posts\",\"post_class\":\"cz_grid_item\",\"post__in\":null,\"author__in\":null,\"nonce\":\"da2f45654a\",\"nonce_id\":\"cz_33146\",\"loadmore_end\":\"Not found more posts\",\"layout\":\"cz_grid_c4\",\"hover\":\"cz_grid_1_title_sub_after\",\"image_size\":\"codevz_600_600\",\"subtitles\":\"%5B%5D\",\"subtitle_pos\":\"\",\"icon\":\"fa fa-search\",\"el\":\"\",\"title_lenght\":\"\",\"cat_tax\":\"category\",\"cat\":\"\",\"cat_exclude\":\"\",\"tag_tax\":\"post_tag\",\"tag_id\":\"\",\"tag_exclude\":\"\",\"post_type\":\"portfolio\",\"posts_per_page\":\"12\",\"order\":\"DESC\",\"orderby\":\"date\",\"tilt_data\":null,\"svg_sizes\":[\"600\",\"600\"],\"img_fx\":\"\",\"custom_size\":\"\",\"excerpt_rm\":false,\"title_tag\":\"h3\",\"s\":\"\"}'><div class=\"cz_grid_item cz_grid_first\"><\/div><div data-id=\"1996\" class=\"cz_grid_item  cz_posts_list_even 1996 post-1996 portfolio type-portfolio status-publish format-standard has-post-thumbnail hentry portfolio_cat-freeze-dried-fruits\"><div class=\"clr\"><a class=\"cz_grid_link\" href=\"https:\/\/freezeva.com\/tr\/freezedried\/freeze-dried-berrymix\/\" title=\"Freeze Dried Berrymix\"><img decoding=\"async\" width=\"600\" height=\"600\" src=\"https:\/\/freezeva.com\/tr\/wp-content\/uploads\/2025\/09\/berrymix-600x600.png\" class=\"attachment-codevz_600_600\" alt=\"Berrymix\" title=\"berrymix\" srcset=\"https:\/\/freezeva.com\/tr\/wp-content\/uploads\/2025\/09\/berrymix-600x600.png 600w, https:\/\/freezeva.com\/tr\/wp-content\/uploads\/2025\/09\/berrymix-100x100.png 100w, https:\/\/freezeva.com\/tr\/wp-content\/uploads\/2025\/09\/berrymix-1000x1000.png 1000w, https:\/\/freezeva.com\/tr\/wp-content\/uploads\/2025\/09\/berrymix-300x300.png 300w, https:\/\/freezeva.com\/tr\/wp-content\/uploads\/2025\/09\/berrymix-150x150.png 150w, https:\/\/freezeva.com\/tr\/wp-content\/uploads\/2025\/09\/berrymix-768x768.png 768w, https:\/\/freezeva.com\/tr\/wp-content\/uploads\/2025\/09\/berrymix.png 1024w\" sizes=\"auto, (max-width: 600px) 100vw, 600px\" loading=\"lazy\" \/><div class=\"cz_grid_details\"><i class=\"fa fa-search cz_grid_icon\"><\/i><\/div><\/a><div class=\"cz_grid_details cz_grid_details_outside\"><a class=\"cz_grid_title\" href=\"https:\/\/freezeva.com\/tr\/freezedried\/freeze-dried-berrymix\/\"><h3 class=\"cz_grid_post_title\">Freeze Dried Berrymix<\/h3><\/a><\/div><\/div><\/div><div data-id=\"1992\" class=\"cz_grid_item  cz_posts_list_odd 1992 post-1992 portfolio type-portfolio status-publish format-standard has-post-thumbnail hentry portfolio_cat-freeze-dried-fruits\"><div class=\"clr\"><a class=\"cz_grid_link\" href=\"https:\/\/freezeva.com\/tr\/freezedried\/freeze-dried-yaban-mersini\/\" title=\"Freeze Dried Yaban Mersini\"><img decoding=\"async\" width=\"600\" height=\"600\" src=\"https:\/\/freezeva.com\/tr\/wp-content\/uploads\/2025\/09\/yabanmersini-600x600.png\" class=\"attachment-codevz_600_600\" alt=\"Yabanmersini\" title=\"yabanmersini\" srcset=\"https:\/\/freezeva.com\/tr\/wp-content\/uploads\/2025\/09\/yabanmersini-600x600.png 600w, https:\/\/freezeva.com\/tr\/wp-content\/uploads\/2025\/09\/yabanmersini-100x100.png 100w, https:\/\/freezeva.com\/tr\/wp-content\/uploads\/2025\/09\/yabanmersini-1000x1000.png 1000w, https:\/\/freezeva.com\/tr\/wp-content\/uploads\/2025\/09\/yabanmersini-300x300.png 300w, https:\/\/freezeva.com\/tr\/wp-content\/uploads\/2025\/09\/yabanmersini-150x150.png 150w, https:\/\/freezeva.com\/tr\/wp-content\/uploads\/2025\/09\/yabanmersini-768x768.png 768w, https:\/\/freezeva.com\/tr\/wp-content\/uploads\/2025\/09\/yabanmersini.png 1024w\" sizes=\"auto, (max-width: 600px) 100vw, 600px\" loading=\"lazy\" \/><div class=\"cz_grid_details\"><i class=\"fa fa-search cz_grid_icon\"><\/i><\/div><\/a><div class=\"cz_grid_details cz_grid_details_outside\"><a class=\"cz_grid_title\" href=\"https:\/\/freezeva.com\/tr\/freezedried\/freeze-dried-yaban-mersini\/\"><h3 class=\"cz_grid_post_title\">Freeze Dried Yaban Mersini<\/h3><\/a><\/div><\/div><\/div><div data-id=\"1988\" class=\"cz_grid_item  cz_posts_list_even 1988 post-1988 portfolio type-portfolio status-publish format-standard has-post-thumbnail hentry portfolio_cat-freeze-dried-fruits\"><div class=\"clr\"><a class=\"cz_grid_link\" href=\"https:\/\/freezeva.com\/tr\/freezedried\/freeze-dried-bogurtlen\/\" title=\"Freeze Dried B\u00f6\u011f\u00fcrtlen\"><img decoding=\"async\" width=\"600\" height=\"600\" src=\"https:\/\/freezeva.com\/tr\/wp-content\/uploads\/2025\/09\/bogurtlen-600x600.png\" class=\"attachment-codevz_600_600\" alt=\"Bogurtlen\" title=\"bogurtlen\" srcset=\"https:\/\/freezeva.com\/tr\/wp-content\/uploads\/2025\/09\/bogurtlen-600x600.png 600w, https:\/\/freezeva.com\/tr\/wp-content\/uploads\/2025\/09\/bogurtlen-100x100.png 100w, https:\/\/freezeva.com\/tr\/wp-content\/uploads\/2025\/09\/bogurtlen-1000x1000.png 1000w, https:\/\/freezeva.com\/tr\/wp-content\/uploads\/2025\/09\/bogurtlen-300x300.png 300w, https:\/\/freezeva.com\/tr\/wp-content\/uploads\/2025\/09\/bogurtlen-150x150.png 150w, https:\/\/freezeva.com\/tr\/wp-content\/uploads\/2025\/09\/bogurtlen-768x768.png 768w, https:\/\/freezeva.com\/tr\/wp-content\/uploads\/2025\/09\/bogurtlen.png 1024w\" sizes=\"auto, (max-width: 600px) 100vw, 600px\" loading=\"lazy\" \/><div class=\"cz_grid_details\"><i class=\"fa fa-search cz_grid_icon\"><\/i><\/div><\/a><div class=\"cz_grid_details cz_grid_details_outside\"><a class=\"cz_grid_title\" href=\"https:\/\/freezeva.com\/tr\/freezedried\/freeze-dried-bogurtlen\/\"><h3 class=\"cz_grid_post_title\">Freeze Dried B\u00f6\u011f\u00fcrtlen<\/h3><\/a><\/div><\/div><\/div><div data-id=\"1972\" class=\"cz_grid_item  cz_posts_list_odd 1972 post-1972 portfolio type-portfolio status-publish format-standard has-post-thumbnail hentry portfolio_cat-freeze-dried-fruits\"><div class=\"clr\"><a class=\"cz_grid_link\" href=\"https:\/\/freezeva.com\/tr\/freezedried\/freeze-dried-muz\/\" title=\"Freeze Dried Muz\"><img decoding=\"async\" width=\"600\" height=\"600\" src=\"https:\/\/freezeva.com\/tr\/wp-content\/uploads\/2025\/09\/muz-1-600x600.png\" class=\"attachment-codevz_600_600\" alt=\"Muz\" title=\"muz\" srcset=\"https:\/\/freezeva.com\/tr\/wp-content\/uploads\/2025\/09\/muz-1-600x600.png 600w, https:\/\/freezeva.com\/tr\/wp-content\/uploads\/2025\/09\/muz-1-100x100.png 100w, https:\/\/freezeva.com\/tr\/wp-content\/uploads\/2025\/09\/muz-1-1000x1000.png 1000w, https:\/\/freezeva.com\/tr\/wp-content\/uploads\/2025\/09\/muz-1-300x300.png 300w, https:\/\/freezeva.com\/tr\/wp-content\/uploads\/2025\/09\/muz-1-150x150.png 150w, https:\/\/freezeva.com\/tr\/wp-content\/uploads\/2025\/09\/muz-1-768x768.png 768w, https:\/\/freezeva.com\/tr\/wp-content\/uploads\/2025\/09\/muz-1.png 1024w\" sizes=\"auto, (max-width: 600px) 100vw, 600px\" loading=\"lazy\" \/><div class=\"cz_grid_details\"><i class=\"fa fa-search cz_grid_icon\"><\/i><\/div><\/a><div class=\"cz_grid_details cz_grid_details_outside\"><a class=\"cz_grid_title\" href=\"https:\/\/freezeva.com\/tr\/freezedried\/freeze-dried-muz\/\"><h3 class=\"cz_grid_post_title\">Freeze Dried Muz<\/h3><\/a><\/div><\/div><\/div><div data-id=\"1971\" class=\"cz_grid_item  cz_posts_list_even 1971 post-1971 portfolio type-portfolio status-publish format-standard has-post-thumbnail hentry portfolio_cat-freeze-dried-fruits\"><div class=\"clr\"><a class=\"cz_grid_link\" href=\"https:\/\/freezeva.com\/tr\/freezedried\/freeze-dried-mango\/\" title=\"Freeze Dried Mango\"><img decoding=\"async\" width=\"600\" height=\"600\" src=\"https:\/\/freezeva.com\/tr\/wp-content\/uploads\/2025\/09\/mango-1-600x600.png\" class=\"attachment-codevz_600_600\" alt=\"Mango\" title=\"mango\" srcset=\"https:\/\/freezeva.com\/tr\/wp-content\/uploads\/2025\/09\/mango-1-600x600.png 600w, https:\/\/freezeva.com\/tr\/wp-content\/uploads\/2025\/09\/mango-1-100x100.png 100w, https:\/\/freezeva.com\/tr\/wp-content\/uploads\/2025\/09\/mango-1-1000x1000.png 1000w, https:\/\/freezeva.com\/tr\/wp-content\/uploads\/2025\/09\/mango-1-300x300.png 300w, https:\/\/freezeva.com\/tr\/wp-content\/uploads\/2025\/09\/mango-1-150x150.png 150w, https:\/\/freezeva.com\/tr\/wp-content\/uploads\/2025\/09\/mango-1-768x768.png 768w, https:\/\/freezeva.com\/tr\/wp-content\/uploads\/2025\/09\/mango-1.png 1024w\" sizes=\"auto, (max-width: 600px) 100vw, 600px\" loading=\"lazy\" \/><div class=\"cz_grid_details\"><i class=\"fa fa-search cz_grid_icon\"><\/i><\/div><\/a><div class=\"cz_grid_details cz_grid_details_outside\"><a class=\"cz_grid_title\" href=\"https:\/\/freezeva.com\/tr\/freezedried\/freeze-dried-mango\/\"><h3 class=\"cz_grid_post_title\">Freeze Dried Mango<\/h3><\/a><\/div><\/div><\/div><div data-id=\"1815\" class=\"cz_grid_item  cz_posts_list_odd 1815 post-1815 portfolio type-portfolio status-publish format-standard has-post-thumbnail hentry portfolio_cat-freeze-dried-fruits\"><div class=\"clr\"><a class=\"cz_grid_link\" href=\"https:\/\/freezeva.com\/tr\/freezedried\/freeze-dried-incir\/\" title=\"Freeze Dried \u0130ncir\"><img decoding=\"async\" width=\"600\" height=\"600\" src=\"https:\/\/freezeva.com\/tr\/wp-content\/uploads\/2025\/09\/incir-1-600x600.png\" class=\"attachment-codevz_600_600\" alt=\"Incir\" title=\"incir\" srcset=\"https:\/\/freezeva.com\/tr\/wp-content\/uploads\/2025\/09\/incir-1-600x600.png 600w, https:\/\/freezeva.com\/tr\/wp-content\/uploads\/2025\/09\/incir-1-100x100.png 100w, https:\/\/freezeva.com\/tr\/wp-content\/uploads\/2025\/09\/incir-1-1000x1000.png 1000w, https:\/\/freezeva.com\/tr\/wp-content\/uploads\/2025\/09\/incir-1-300x300.png 300w, https:\/\/freezeva.com\/tr\/wp-content\/uploads\/2025\/09\/incir-1-150x150.png 150w, https:\/\/freezeva.com\/tr\/wp-content\/uploads\/2025\/09\/incir-1-768x768.png 768w, https:\/\/freezeva.com\/tr\/wp-content\/uploads\/2025\/09\/incir-1.png 1024w\" sizes=\"auto, (max-width: 600px) 100vw, 600px\" loading=\"lazy\" \/><div class=\"cz_grid_details\"><i class=\"fa fa-search cz_grid_icon\"><\/i><\/div><\/a><div class=\"cz_grid_details cz_grid_details_outside\"><a class=\"cz_grid_title\" href=\"https:\/\/freezeva.com\/tr\/freezedried\/freeze-dried-incir\/\"><h3 class=\"cz_grid_post_title\">Freeze Dried \u0130ncir<\/h3><\/a><\/div><\/div><\/div><div data-id=\"1811\" class=\"cz_grid_item  cz_posts_list_even 1811 post-1811 portfolio type-portfolio status-publish format-standard has-post-thumbnail hentry portfolio_cat-freeze-dried-fruits\"><div class=\"clr\"><a class=\"cz_grid_link\" href=\"https:\/\/freezeva.com\/tr\/freezedried\/freeze-dried-karpuz\/\" title=\"Freeze Dried Karpuz\"><img decoding=\"async\" width=\"600\" height=\"600\" src=\"https:\/\/freezeva.com\/tr\/wp-content\/uploads\/2025\/09\/karpuz-1-600x600.png\" class=\"attachment-codevz_600_600\" alt=\"Karpuz\" title=\"karpuz\" srcset=\"https:\/\/freezeva.com\/tr\/wp-content\/uploads\/2025\/09\/karpuz-1-600x600.png 600w, https:\/\/freezeva.com\/tr\/wp-content\/uploads\/2025\/09\/karpuz-1-100x100.png 100w, https:\/\/freezeva.com\/tr\/wp-content\/uploads\/2025\/09\/karpuz-1-1000x1000.png 1000w, https:\/\/freezeva.com\/tr\/wp-content\/uploads\/2025\/09\/karpuz-1-300x300.png 300w, https:\/\/freezeva.com\/tr\/wp-content\/uploads\/2025\/09\/karpuz-1-150x150.png 150w, https:\/\/freezeva.com\/tr\/wp-content\/uploads\/2025\/09\/karpuz-1-768x768.png 768w, https:\/\/freezeva.com\/tr\/wp-content\/uploads\/2025\/09\/karpuz-1.png 1024w\" sizes=\"auto, (max-width: 600px) 100vw, 600px\" loading=\"lazy\" \/><div class=\"cz_grid_details\"><i class=\"fa fa-search cz_grid_icon\"><\/i><\/div><\/a><div class=\"cz_grid_details cz_grid_details_outside\"><a class=\"cz_grid_title\" href=\"https:\/\/freezeva.com\/tr\/freezedried\/freeze-dried-karpuz\/\"><h3 class=\"cz_grid_post_title\">Freeze Dried Karpuz<\/h3><\/a><\/div><\/div><\/div><div data-id=\"1807\" class=\"cz_grid_item  cz_posts_list_odd 1807 post-1807 portfolio type-portfolio status-publish format-standard has-post-thumbnail hentry portfolio_cat-freeze-dried-fruits\"><div class=\"clr\"><a class=\"cz_grid_link\" href=\"https:\/\/freezeva.com\/tr\/freezedried\/freeze-dried-kavun\/\" title=\"Freeze Dried Kavun\"><img decoding=\"async\" width=\"600\" height=\"600\" src=\"https:\/\/freezeva.com\/tr\/wp-content\/uploads\/2025\/09\/kavun-1-600x600.png\" class=\"attachment-codevz_600_600\" alt=\"Kavun\" title=\"kavun\" srcset=\"https:\/\/freezeva.com\/tr\/wp-content\/uploads\/2025\/09\/kavun-1-600x600.png 600w, https:\/\/freezeva.com\/tr\/wp-content\/uploads\/2025\/09\/kavun-1-100x100.png 100w, https:\/\/freezeva.com\/tr\/wp-content\/uploads\/2025\/09\/kavun-1-1000x1000.png 1000w, https:\/\/freezeva.com\/tr\/wp-content\/uploads\/2025\/09\/kavun-1-300x300.png 300w, https:\/\/freezeva.com\/tr\/wp-content\/uploads\/2025\/09\/kavun-1-150x150.png 150w, https:\/\/freezeva.com\/tr\/wp-content\/uploads\/2025\/09\/kavun-1-768x768.png 768w, https:\/\/freezeva.com\/tr\/wp-content\/uploads\/2025\/09\/kavun-1.png 1024w\" sizes=\"auto, (max-width: 600px) 100vw, 600px\" loading=\"lazy\" \/><div class=\"cz_grid_details\"><i class=\"fa fa-search cz_grid_icon\"><\/i><\/div><\/a><div class=\"cz_grid_details cz_grid_details_outside\"><a class=\"cz_grid_title\" href=\"https:\/\/freezeva.com\/tr\/freezedried\/freeze-dried-kavun\/\"><h3 class=\"cz_grid_post_title\">Freeze Dried Kavun<\/h3><\/a><\/div><\/div><\/div><div data-id=\"1803\" class=\"cz_grid_item  cz_posts_list_even 1803 post-1803 portfolio type-portfolio status-publish format-standard has-post-thumbnail hentry portfolio_cat-freeze-dried-fruits\"><div class=\"clr\"><a class=\"cz_grid_link\" href=\"https:\/\/freezeva.com\/tr\/freezedried\/freeze-dried-ahududu\/\" title=\"Freeze Dried Ahududu\"><img decoding=\"async\" width=\"600\" height=\"600\" src=\"https:\/\/freezeva.com\/tr\/wp-content\/uploads\/2025\/09\/ahududu-1-600x600.png\" class=\"attachment-codevz_600_600\" alt=\"Ahududu\" title=\"ahududu\" srcset=\"https:\/\/freezeva.com\/tr\/wp-content\/uploads\/2025\/09\/ahududu-1-600x600.png 600w, https:\/\/freezeva.com\/tr\/wp-content\/uploads\/2025\/09\/ahududu-1-100x100.png 100w, https:\/\/freezeva.com\/tr\/wp-content\/uploads\/2025\/09\/ahududu-1-1000x1000.png 1000w, https:\/\/freezeva.com\/tr\/wp-content\/uploads\/2025\/09\/ahududu-1-300x300.png 300w, https:\/\/freezeva.com\/tr\/wp-content\/uploads\/2025\/09\/ahududu-1-150x150.png 150w, https:\/\/freezeva.com\/tr\/wp-content\/uploads\/2025\/09\/ahududu-1-768x768.png 768w, https:\/\/freezeva.com\/tr\/wp-content\/uploads\/2025\/09\/ahududu-1.png 1024w\" sizes=\"auto, (max-width: 600px) 100vw, 600px\" loading=\"lazy\" \/><div class=\"cz_grid_details\"><i class=\"fa fa-search cz_grid_icon\"><\/i><\/div><\/a><div class=\"cz_grid_details cz_grid_details_outside\"><a class=\"cz_grid_title\" href=\"https:\/\/freezeva.com\/tr\/freezedried\/freeze-dried-ahududu\/\"><h3 class=\"cz_grid_post_title\">Freeze Dried Ahududu<\/h3><\/a><\/div><\/div><\/div><div data-id=\"1799\" class=\"cz_grid_item  cz_posts_list_odd 1799 post-1799 portfolio type-portfolio status-publish format-standard has-post-thumbnail hentry portfolio_cat-freeze-dried-fruits\"><div class=\"clr\"><a class=\"cz_grid_link\" href=\"https:\/\/freezeva.com\/tr\/freezedried\/freeze-dried-ananas\/\" title=\"Freeze Dried Ananas\"><img decoding=\"async\" width=\"600\" height=\"600\" src=\"https:\/\/freezeva.com\/tr\/wp-content\/uploads\/2025\/09\/ananas-1-600x600.png\" class=\"attachment-codevz_600_600\" alt=\"Ananas\" title=\"ananas\" srcset=\"https:\/\/freezeva.com\/tr\/wp-content\/uploads\/2025\/09\/ananas-1-600x600.png 600w, https:\/\/freezeva.com\/tr\/wp-content\/uploads\/2025\/09\/ananas-1-100x100.png 100w, https:\/\/freezeva.com\/tr\/wp-content\/uploads\/2025\/09\/ananas-1-1000x1000.png 1000w, https:\/\/freezeva.com\/tr\/wp-content\/uploads\/2025\/09\/ananas-1-300x300.png 300w, https:\/\/freezeva.com\/tr\/wp-content\/uploads\/2025\/09\/ananas-1-150x150.png 150w, https:\/\/freezeva.com\/tr\/wp-content\/uploads\/2025\/09\/ananas-1-768x768.png 768w, https:\/\/freezeva.com\/tr\/wp-content\/uploads\/2025\/09\/ananas-1.png 1024w\" sizes=\"auto, (max-width: 600px) 100vw, 600px\" loading=\"lazy\" \/><div class=\"cz_grid_details\"><i class=\"fa fa-search cz_grid_icon\"><\/i><\/div><\/a><div class=\"cz_grid_details cz_grid_details_outside\"><a class=\"cz_grid_title\" href=\"https:\/\/freezeva.com\/tr\/freezedried\/freeze-dried-ananas\/\"><h3 class=\"cz_grid_post_title\">Freeze Dried Ananas<\/h3><\/a><\/div><\/div><\/div><div data-id=\"57\" class=\"cz_grid_item  cz_posts_list_even 57 post-57 portfolio type-portfolio status-publish format-standard has-post-thumbnail hentry portfolio_cat-freeze-dried-fruits portfolio_tags-cilek portfolio_tags-freeze-dried-cilek portfolio_tags-freeze-dried-fruit\"><div class=\"clr\"><a class=\"cz_grid_link\" href=\"https:\/\/freezeva.com\/tr\/freezedried\/freeze-dried-cilek\/\" title=\"Freeze Dried \u00c7ilek\"><img decoding=\"async\" width=\"600\" height=\"600\" src=\"https:\/\/freezeva.com\/tr\/wp-content\/uploads\/2024\/06\/cilek-1-600x600.png\" class=\"attachment-codevz_600_600\" alt=\"Cilek\" title=\"cilek\" srcset=\"https:\/\/freezeva.com\/tr\/wp-content\/uploads\/2024\/06\/cilek-1-600x600.png 600w, https:\/\/freezeva.com\/tr\/wp-content\/uploads\/2024\/06\/cilek-1-100x100.png 100w, https:\/\/freezeva.com\/tr\/wp-content\/uploads\/2024\/06\/cilek-1-1000x1000.png 1000w, https:\/\/freezeva.com\/tr\/wp-content\/uploads\/2024\/06\/cilek-1-300x300.png 300w, https:\/\/freezeva.com\/tr\/wp-content\/uploads\/2024\/06\/cilek-1-150x150.png 150w, https:\/\/freezeva.com\/tr\/wp-content\/uploads\/2024\/06\/cilek-1-768x768.png 768w, https:\/\/freezeva.com\/tr\/wp-content\/uploads\/2024\/06\/cilek-1.png 1024w\" sizes=\"auto, (max-width: 600px) 100vw, 600px\" loading=\"lazy\" \/><div class=\"cz_grid_details\"><i class=\"fa fa-search cz_grid_icon\"><\/i><\/div><\/a><div class=\"cz_grid_details cz_grid_details_outside\"><a class=\"cz_grid_title\" href=\"https:\/\/freezeva.com\/tr\/freezedried\/freeze-dried-cilek\/\"><h3 class=\"cz_grid_post_title\">Freeze Dried \u00c7ilek<\/h3><\/a><\/div><\/div><\/div><\/div><\/div>[\/vc_column][\/vc_row][vc_row][vc_column]<div class=\"cz_gap clr \" style=\"height: 60px\"><\/div>[\/vc_column][\/vc_row]<\/p>\n<\/div>","protected":false},"excerpt":{"rendered":"<p>[vc_row][vc_column][\/vc_column][\/vc_row][vc_row][vc_column][\/vc_column][\/vc_row][vc_row][vc_column][\/vc_column][\/vc_row] &#8230; <a class=\"cz_readmore\" href=\"https:\/\/freezeva.com\/tr\/freezedried\/freeze-dried-cilek\/\"><i class=\"fa fa-angle-right\" aria-hidden=\"true\"><\/i><span>View Details<\/span><\/a><\/p>\n","protected":false},"author":1,"featured_media":0,"parent":0,"menu_order":0,"comment_status":"closed","ping_status":"closed","template":"","meta":{"footnotes":""},"class_list":["post-1835","page","type-page","status-publish","hentry"],"_links":{"self":[{"href":"https:\/\/freezeva.com\/tr\/wp-json\/wp\/v2\/pages\/1835","targetHints":{"allow":["GET"]}}],"collection":[{"href":"https:\/\/freezeva.com\/tr\/wp-json\/wp\/v2\/pages"}],"about":[{"href":"https:\/\/freezeva.com\/tr\/wp-json\/wp\/v2\/types\/page"}],"author":[{"embeddable":true,"href":"https:\/\/freezeva.com\/tr\/wp-json\/wp\/v2\/users\/1"}],"replies":[{"embeddable":true,"href":"https:\/\/freezeva.com\/tr\/wp-json\/wp\/v2\/comments?post=1835"}],"version-history":[{"count":12,"href":"https:\/\/freezeva.com\/tr\/wp-json\/wp\/v2\/pages\/1835\/revisions"}],"predecessor-version":[{"id":1978,"href":"https:\/\/freezeva.com\/tr\/wp-json\/wp\/v2\/pages\/1835\/revisions\/1978"}],"wp:attachment":[{"href":"https:\/\/freezeva.com\/tr\/wp-json\/wp\/v2\/media?parent=1835"}],"curies":[{"name":"wp","href":"https:\/\/api.w.org\/{rel}","templated":true}]}}