{"id":19,"date":"2024-06-10T08:34:22","date_gmt":"2024-06-10T08:34:22","guid":{"rendered":"http:\/\/xtratheme.combuilding\/?page_id=13"},"modified":"2025-09-10T05:35:49","modified_gmt":"2025-09-10T02:35:49","slug":"sik-sorulan-sorular","status":"publish","type":"page","link":"https:\/\/freezeva.com\/tr\/sik-sorulan-sorular\/","title":{"rendered":"SIK SORULAN SORULAR"},"content":{"rendered":"<div class=\"wpb-content-wrapper\"><p>[vc_row full_width=&#8221;stretch_row_content_no_spaces&#8221; css=&#8221;.vc_custom_1556002783750{margin-top: -105px !important;}&#8221;][vc_column]<div class=\"cz_gap clr  hide_on_mobile\" style=\"height: 140px\"><\/div><div class=\"cz_gap show_on_mobile clr\" style=\"height: 70px\"><\/div>[\/vc_column][\/vc_row][vc_row css=&#8221;.vc_custom_1497126171788{background-position: center !important;background-repeat: no-repeat !important;background-size: cover !important;}&#8221;][vc_column offset=&#8221;vc_col-lg-4&#8243;]<div id=\"cz_50639\" data-position=\"top-right\" class=\"cz_50639 cz_image clr cz_image_no_fx center_on_mobile\"><div class=\"\" ><div class=\"cz_image_in\"><div class=\"cz_main_image\"><img fetchpriority=\"high\" loading=\"eager\" decoding=\"sync\" data-no-lazy=\"1\" width=\"800\" height=\"600\" src=\"https:\/\/freezeva.com\/tr\/wp-content\/uploads\/2025\/09\/biz-kimiz-2.jpg\" class=\"attachment-full\" alt=\"Biz kimiz 2\" title=\"biz-kimiz-2\" srcset=\"https:\/\/freezeva.com\/tr\/wp-content\/uploads\/2025\/09\/biz-kimiz-2.jpg 800w, https:\/\/freezeva.com\/tr\/wp-content\/uploads\/2025\/09\/biz-kimiz-2-600x450.jpg 600w, https:\/\/freezeva.com\/tr\/wp-content\/uploads\/2025\/09\/biz-kimiz-2-300x225.jpg 300w, https:\/\/freezeva.com\/tr\/wp-content\/uploads\/2025\/09\/biz-kimiz-2-768x576.jpg 768w\" sizes=\"(max-width: 800px) 100vw, 800px\"  \/><\/div><\/div><div class=\"cz_image_caption mt10 cz_wpe_content\"><p style=\"text-align: center;\"><span style=\"color: #ffffff;\">Sorunu bulamad\u0131n m\u0131? Bize yaz \ud83d\udc47<br class=\"clr\" \/><br \/>\n<\/span><strong><span style=\"color: #ffffff; font-size: 18px;\">Formu doldur; ekibimiz en k\u0131sa s\u00fcrede d\u00f6n\u00fc\u015f yaps\u0131n.<\/span><\/strong><\/p>\n<\/div><\/div><\/div><div class=\"cz_gap clr \" style=\"height: 50px\"><\/div><div class=\"cz_eqh cz_content_box_parent_fx  \"><div id=\"cz_90298\" class=\"cz_90298 cz_content_box clr\"><div class=\"cz_box_front clr\"><div class=\"cz_box_front_inner clr \"><span><\/span><div><div id=\"cz_72603\" class=\"cz_72603 cz_title clr cz_title_has_icon cz_title_pos_inline\"><div class=\"cz_title_content\"><i class=\"cz_title_icon_before fa czico-062-menu-3\"><\/i><div class=\"cz_wpe_content\"><h4><span style=\"color: #ffffff;\">SORUNU G\u00d6NDER<\/span><\/h4>\n<\/div><\/div><\/div><div id=\"cz_88743\" class=\"cz_88743 cz_cf7 clr\"><div>\n<div class=\"wpcf7 no-js\" id=\"wpcf7-f505-o1\" lang=\"en-US\" dir=\"ltr\" data-wpcf7-id=\"505\">\n<div class=\"screen-reader-response\"><p role=\"status\" aria-live=\"polite\" aria-atomic=\"true\"><\/p> <ul><\/ul><\/div>\n<form action=\"\/tr\/wp-json\/wp\/v2\/pages\/19#wpcf7-f505-o1\" method=\"post\" class=\"wpcf7-form init\" aria-label=\"Contact form\" novalidate=\"novalidate\" data-status=\"init\">\n<fieldset class=\"hidden-fields-container\"><input type=\"hidden\" name=\"_wpcf7\" value=\"505\" \/><input type=\"hidden\" name=\"_wpcf7_version\" value=\"6.1.5\" \/><input type=\"hidden\" name=\"_wpcf7_locale\" value=\"en_US\" \/><input type=\"hidden\" name=\"_wpcf7_unit_tag\" value=\"wpcf7-f505-o1\" \/><input type=\"hidden\" name=\"_wpcf7_container_post\" value=\"0\" \/><input type=\"hidden\" name=\"_wpcf7_posted_data_hash\" value=\"\" \/>\n<\/fieldset>\n<p><span class=\"wpcf7-form-control-wrap\" data-name=\"your-name\"><input size=\"40\" maxlength=\"400\" class=\"wpcf7-form-control wpcf7-text wpcf7-validates-as-required\" aria-required=\"true\" aria-invalid=\"false\" placeholder=\"Ad\u0131n\u0131z (*)\" value=\"\" type=\"text\" name=\"your-name\" \/><\/span>\n<\/p>\n<p><span class=\"wpcf7-form-control-wrap\" data-name=\"your-phone\"><input size=\"40\" maxlength=\"400\" class=\"wpcf7-form-control wpcf7-email wpcf7-validates-as-required wpcf7-text wpcf7-validates-as-email\" aria-required=\"true\" aria-invalid=\"false\" placeholder=\"Telefon Numaran\u0131z (*)\" value=\"\" type=\"email\" name=\"your-phone\" \/><\/span>\n<\/p>\n<p><span class=\"wpcf7-form-control-wrap\" data-name=\"your-mail\"><input size=\"40\" maxlength=\"400\" class=\"wpcf7-form-control wpcf7-text\" aria-invalid=\"false\" placeholder=\"E-Posta Adresiniz\" value=\"\" type=\"text\" name=\"your-mail\" \/><\/span>\n<\/p>\n<p><span class=\"wpcf7-form-control-wrap\" data-name=\"menu-178\"><select class=\"wpcf7-form-control wpcf7-select\" aria-invalid=\"false\" name=\"menu-178\"><option value=\"Genel\">Genel<\/option><option value=\"Muhasebe\">Muhasebe<\/option><option value=\"Sat\u0131\u015f\">Sat\u0131\u015f<\/option><option value=\"Tedarik\">Tedarik<\/option><option value=\"Di\u011fer\">Di\u011fer<\/option><\/select><\/span>\n<\/p>\n<p><span class=\"wpcf7-form-control-wrap\" data-name=\"your-message\"><textarea cols=\"40\" rows=\"10\" maxlength=\"2000\" class=\"wpcf7-form-control wpcf7-textarea\" aria-invalid=\"false\" placeholder=\"Mesaj\u0131n\u0131z\" name=\"your-message\"><\/textarea><\/span>\n<\/p>\n<p><input class=\"wpcf7-form-control wpcf7-submit has-spinner\" type=\"submit\" value=\"Mesaj\u0131 G\u00f6nder\" \/>\n<\/p><div class=\"wpcf7-response-output\" aria-hidden=\"true\"><\/div>\n<\/form>\n<\/div>\n<\/div><\/div><\/div><\/div><\/div><\/div><\/div>[\/vc_column][vc_column css=&#8221;.vc_custom_1514362899837{padding-left: 30px !important;}&#8221; offset=&#8221;vc_col-lg-8&#8243;]<div id=\"cz_107099\" class=\"cz_107099 cz_title clr cz_title_pos_inline\"><div class=\"cz_title_content\"><div class=\"cz_wpe_content\"><p style=\"text-align: left;\"><span style=\"color: #009640; font-size: 22px;\"><span style=\"color: #2daae1;\">Merak ettiklerinizi yan\u0131tl\u0131yoruz<\/span><br \/>\n<\/span><\/p>\n<h2 style=\"text-align: left;\"><span style=\"color: #009640;\">SIK SORULAN SORULAR<\/span><\/h2>\n<\/div><\/div><\/div>[vc_column_text]<span style=\"font-size: 18px; color: #666666;\">A\u015fa\u011f\u0131daki sorularda Freeze-Dried (dondurularak kurutulmu\u015f) \u00fcr\u00fcnlerimiz hakk\u0131nda en \u00e7ok merak edilenleri toplad\u0131k. Arad\u0131\u011f\u0131n\u0131 bulamazsan formdan bize yaz, en k\u0131sa s\u00fcrede yan\u0131tlayal\u0131m.<\/span>[\/vc_column_text]<div id=\"cz_36531\" class=\"cz_36531 cz_title clr cz_title_has_icon cz_title_pos_inline\"><div class=\"cz_title_content\"><i class=\"cz_title_icon_before fa czico-012-done\"><\/i><div class=\"cz_wpe_content\"><h4><span style=\"color: #009640;\">\u00dcR\u00dcN &amp; \u00dcRET\u0130M<\/span><\/h4>\n<\/div><\/div><\/div><div id=\"cz_80836\" data-arrows='{\"open\":\"fa fa-angle-right\",\"close\":\"fa fa-angle-down\"}' class=\"cz_80836 cz_acc clr cz_acc_toggle cz_acc_first_open\"><div><div id=\"cz_fd_01\"><span class=\"cz_acc_child\"><div>Freeze-dried (dondurularak kurutma) nedir?<\/div><\/span><div class=\"cz_acc_child_content clr\">[vc_column_text]Meyveler hasattan k\u0131sa s\u00fcre sonra -40\u00b0C civar\u0131nda dondurulur ve d\u00fc\u015f\u00fck bas\u0131n\u00e7 alt\u0131nda suyu buharla\u015ft\u0131r\u0131l\u0131r (s\u00fcblimasyon). B\u00f6ylece do\u011fal renk, koku ve aromay\u0131 en iyi koruyan kurutma y\u00f6ntemi elde edilir.[\/vc_column_text]<\/div><\/div><div id=\"cz_fd_02\"><span class=\"cz_acc_child\"><div>Klasik kurutma ile fark\u0131 nedir?<\/div><\/span><div class=\"cz_acc_child_content clr\">[vc_column_text]S\u0131cak hava ile kurutmada doku daha \u00e7ok b\u00fcz\u00fc\u015f\u00fcr ve aroma azalabilir. Freeze-dried \u00fcr\u00fcnler hafif, \u00e7\u0131t\u0131r ve yo\u011fun aromal\u0131d\u0131r; suyla temas etti\u011finde h\u0131zla eski formuna yakla\u015f\u0131r.[\/vc_column_text]<\/div><\/div><div id=\"cz_fd_03\"><span class=\"cz_acc_child\"><div>\u00dcr\u00fcnlerde ilave \u015feker, katk\u0131 veya koruyucu var m\u0131?<\/div><\/span><div class=\"cz_acc_child_content clr\">[vc_column_text]Hay\u0131r. \u00dcr\u00fcnlerimiz %100 meyvedir; ilave \u015feker, yapay tatland\u0131r\u0131c\u0131, renklendirici veya koruyucu i\u00e7ermez.[\/vc_column_text]<\/div><\/div><div id=\"cz_fd_04\"><span class=\"cz_acc_child\"><div>Vegan\/Helal uygun mu? Alerjen i\u00e7erir mi?<\/div><\/span><div class=\"cz_acc_child_content clr\">[vc_column_text]T\u00fcm meyve \u00fcr\u00fcnlerimiz do\u011fal olarak vegand\u0131r. \u00dcretimimizde hayvansal i\u00e7erik kullan\u0131lmaz. Alerjen bula\u015f\u0131n\u0131 \u00f6nlemek i\u00e7in hijyen protokollerine uyulur; ancak spesifik alerjiniz varsa \u00fcr\u00fcn etiketini kontrol etmenizi \u00f6neririz.[\/vc_column_text]<\/div><\/div><div id=\"cz_fd_05\"><span class=\"cz_acc_child\"><div>Bir paket ka\u00e7 porsiyon meyveye e\u015fittir?<\/div><\/span><div class=\"cz_acc_child_content clr\">[vc_column_text]Kurutma s\u0131ras\u0131nda su uzakla\u015ft\u0131\u011f\u0131ndan a\u011f\u0131rl\u0131k d\u00fc\u015fer. \u00d6rne\u011fin 20\u201325 g freeze-dried \u00e7ilek, yakla\u015f\u0131k 180\u2013250 g taze \u00e7ile\u011fe denktir. \u00dcr\u00fcne g\u00f6re de\u011fi\u015febilir; paket \u00fczerinde k\u0131yas bilgisini payla\u015f\u0131yoruz.[\/vc_column_text]<\/div><\/div><div id=\"cz_fd_06\"><span class=\"cz_acc_child\"><div>Besin de\u011ferleri nas\u0131l etkilenir?<\/div><\/span><div class=\"cz_acc_child_content clr\">[vc_column_text]Is\u0131 kullan\u0131lmad\u0131\u011f\u0131 i\u00e7in vitamin ve minerallerin b\u00fcy\u00fck k\u0131sm\u0131 korunur. Yaln\u0131zca su u\u00e7tu\u011fundan, gram ba\u015f\u0131na d\u00fc\u015fen kalori ve lif yo\u011funla\u015fm\u0131\u015f g\u00f6r\u00fcn\u00fcr; bu, ilave \u015feker oldu\u011fu anlam\u0131na gelmez.[\/vc_column_text]<\/div><\/div><\/div><\/div><div class=\"cz_gap clr \" style=\"height: 50px\"><\/div><div id=\"cz_109020\" class=\"cz_109020 cz_title clr cz_title_has_icon cz_title_pos_inline\"><div class=\"cz_title_content\"><i class=\"cz_title_icon_before fa fa-question\"><\/i><div class=\"cz_wpe_content\"><h4><span style=\"color: #009640;\">KULLANIM, SAKLAMA &amp; S\u0130PAR\u0130\u015e<\/span><\/h4>\n<\/div><\/div><\/div><div id=\"cz_21535\" data-arrows='{\"open\":\"fa fa-angle-right\",\"close\":\"fa fa-angle-down\"}' class=\"cz_21535 cz_acc clr cz_acc_toggle\"><div><div id=\"cz_fd_07\"><span class=\"cz_acc_child\"><div>Nas\u0131l t\u00fcketebilirim? (kase, tarif, i\u00e7ecek\u2026)<\/div><\/span><div class=\"cz_acc_child_content clr\">[vc_column_text]At\u0131\u015ft\u0131rmal\u0131k olarak tek ba\u015f\u0131na yiyebilir; yo\u011furt, granola, smoothie ve tatl\u0131larda kullanabilir; cheesecake, pancake ve keklere doku\/renk katabilirsiniz. Ayr\u0131ca dekor ve garnit\u00fcr i\u00e7in idealdir.[\/vc_column_text]<\/div><\/div><div id=\"cz_fd_08\"><span class=\"cz_acc_child\"><div>Suyla temas edince ne olur? Rehidratasyon olur mu?<\/div><\/span><div class=\"cz_acc_child_content clr\">[vc_column_text]Evet. S\u00fct, yo\u011furt veya su ile temas etti\u011finde birka\u00e7 dakika i\u00e7inde yumu\u015far ve taze dokuya yakla\u015f\u0131r. K\u0131t\u0131r k\u0131vam\u0131 sevenler i\u00e7in kuru t\u00fcketmenizi \u00f6neririz.[\/vc_column_text]<\/div><\/div><div id=\"cz_fd_09\"><span class=\"cz_acc_child\"><div>Raf \u00f6mr\u00fc ve saklama ko\u015fullar\u0131 nedir?<\/div><\/span><div class=\"cz_acc_child_content clr\">[vc_column_text]A\u00e7\u0131lmam\u0131\u015f paket serin, kuru ve g\u00fcne\u015f g\u00f6rmeyen ortamda aylarca taze kal\u0131r. A\u00e7t\u0131ktan sonra po\u015feti s\u0131k\u0131ca kapat\u0131n\/klipsleyin; nemden koruyun. Nem al\u0131rsa k\u0131t\u0131rl\u0131k azalabilir.[\/vc_column_text]<\/div><\/div><div id=\"cz_fd_10\"><span class=\"cz_acc_child\"><div>\u00c7ocuklar ve sporcular i\u00e7in uygun mu?<\/div><\/span><div class=\"cz_acc_child_content clr\">[vc_column_text]\u0130lavesiz i\u00e7erik sayesinde \u00e7ocuklar i\u00e7in pratik bir meyve alternatifi; sporcular i\u00e7in de hafif, do\u011fal enerji kayna\u011f\u0131d\u0131r. Porsiyon kontrol\u00fc yapmay\u0131 unutmay\u0131n.[\/vc_column_text]<\/div><\/div><div id=\"cz_fd_11\"><span class=\"cz_acc_child\"><div>\u00d6deme se\u00e7enekleri, kargo s\u00fcresi ve takip<\/div><\/span><div class=\"cz_acc_child_content clr\">[vc_column_text]Kredi\/banka kart\u0131 ve kap\u0131da \u00f6deme (varsa) se\u00e7eneklerini destekliyoruz. Sipari\u015fler genellikle 24 saat i\u00e7inde kargoya verilir; kargo firmas\u0131na ba\u011fl\u0131 olarak 1\u20133 i\u015f g\u00fcn\u00fcnde teslim edilir. Kargo takip numaran\u0131z e-posta\/SMS ile iletilir.[\/vc_column_text]<\/div><\/div><div id=\"cz_fd_12\"><span class=\"cz_acc_child\"><div>Hasarl\u0131\/eksik \u00fcr\u00fcn geldi, ne yapmal\u0131y\u0131m?<\/div><\/span><div class=\"cz_acc_child_content clr\">[vc_column_text]Paketinizi kargo g\u00f6revlisi yan\u0131ndayken kontrol edin. Hasar varsa tutanak tutturun ve bizimle ileti\u015fime ge\u00e7in. Sorunu h\u0131zla telafi ediyoruz (yeniden g\u00f6nderim\/iadeler).[\/vc_column_text]<\/div><\/div><div id=\"cz_fd_13\"><span class=\"cz_acc_child\"><div>Toptan\/kurumsal al\u0131m yapabilir miyim?<\/div><\/span><div class=\"cz_acc_child_content clr\">[vc_column_text]Evet. Cafe, restoran, otel ve kurumsal hediyeler i\u00e7in toptan fiyatland\u0131rma sunuyoruz. Formdan talep b\u0131rak\u0131n; ekibimiz ayn\u0131 g\u00fcn i\u00e7inde d\u00f6n\u00fc\u015f yaps\u0131n.[\/vc_column_text]<\/div><\/div><\/div><\/div>[\/vc_column][\/vc_row]<\/p>\n<\/div>","protected":false},"excerpt":{"rendered":"<p>[vc_row full_width=&#8221;stretch_row_content_no_spaces&#8221; css=&#8221;.vc_custom_1556002783750{margin-top: -105px !important;}&#8221;][vc_column][\/vc_column][\/vc_row][vc_row css=&#8221;.vc_custom_1497126171788{background-position: center !important;background-repeat: no-repeat !important;background-size: cover &#8230; <\/p>\n","protected":false},"author":1,"featured_media":0,"parent":0,"menu_order":0,"comment_status":"closed","ping_status":"closed","template":"","meta":{"footnotes":""},"class_list":["post-19","page","type-page","status-publish","hentry"],"_links":{"self":[{"href":"https:\/\/freezeva.com\/tr\/wp-json\/wp\/v2\/pages\/19","targetHints":{"allow":["GET"]}}],"collection":[{"href":"https:\/\/freezeva.com\/tr\/wp-json\/wp\/v2\/pages"}],"about":[{"href":"https:\/\/freezeva.com\/tr\/wp-json\/wp\/v2\/types\/page"}],"author":[{"embeddable":true,"href":"https:\/\/freezeva.com\/tr\/wp-json\/wp\/v2\/users\/1"}],"replies":[{"embeddable":true,"href":"https:\/\/freezeva.com\/tr\/wp-json\/wp\/v2\/comments?post=19"}],"version-history":[{"count":6,"href":"https:\/\/freezeva.com\/tr\/wp-json\/wp\/v2\/pages\/19\/revisions"}],"predecessor-version":[{"id":1824,"href":"https:\/\/freezeva.com\/tr\/wp-json\/wp\/v2\/pages\/19\/revisions\/1824"}],"wp:attachment":[{"href":"https:\/\/freezeva.com\/tr\/wp-json\/wp\/v2\/media?parent=19"}],"curies":[{"name":"wp","href":"https:\/\/api.w.org\/{rel}","templated":true}]}}