{"id":6,"date":"2024-06-10T08:24:41","date_gmt":"2024-06-10T08:24:41","guid":{"rendered":"http:\/\/xtratheme.combuilding\/?page_id=6"},"modified":"2025-09-10T02:29:40","modified_gmt":"2025-09-09T23:29:40","slug":"hakkimizda","status":"publish","type":"page","link":"https:\/\/freezeva.com\/tr\/hakkimizda\/","title":{"rendered":"Hakk\u0131m\u0131zda"},"content":{"rendered":"<div class=\"wpb-content-wrapper\"><p>[vc_row css=&#8221;.vc_custom_1556484376874{margin-top: -80px !important;}&#8221;][vc_column]<div class=\"cz_gap clr  hide_on_mobile\" style=\"height: 100px\"><\/div><div class=\"cz_gap show_on_mobile clr\" style=\"height: 50px\"><\/div>[\/vc_column][\/vc_row][vc_row full_width=&#8221;stretch_row&#8221;][vc_column offset=&#8221;vc_col-md-6&#8243;]<div class=\"clr cz_parallax_v_5\"><div class=\"cz_eqh cz_content_box_parent_fx  z99\"><div id=\"cz_67707\" class=\"cz_67707 cz_content_box clr\"><div class=\"cz_box_front clr\"><div class=\"cz_box_front_inner clr \"><span><\/span><div><div id=\"cz_80287\" class=\"cz_80287 cz_title clr cz_mobile_text_center cz_title_pos_inline\"><div class=\"cz_title_content\"><div class=\"cz_wpe_content\"><h2><span style=\"color: #009640;\">HAKKIMIZDA<br \/>\n<\/span><\/h2>\n<p><span style=\"font-size: 22px; color: #2daae1;\">Freezeva kimdir?<\/span><span style=\"color: #009640; font-size: 22px;\"><br \/>\n<\/span><\/p>\n<\/div><\/div><\/div><div class=\"cz_gap clr \" style=\"height: 20px\"><\/div><div id=\"cz_49680\" class=\"cz_49680 cz_title clr cz_title_pos_inline\"><div class=\"cz_title_content\"><div class=\"cz_wpe_content\"><p style=\"text-align: justify;\"><span style=\"font-size: 20px; margin-top: 10px; display: inline-block; color: #666666; font-weight: 300;\">Meyve ve sebzeler, insanl\u0131\u011f\u0131n en temel besin kaynaklar\u0131 olarak her zaman ya\u015fam\u0131m\u0131zda \u00f6zel bir yere sahip oldu. \u0130\u00e7erdikleri vitamin ve minerallerle sa\u011fl\u0131kl\u0131 bir ya\u015fam\u0131n vazge\u00e7ilmezi olan bu de\u011ferli \u00fcr\u00fcnlerin, tazeli\u011fini ve besin de\u011ferini kaybetmeden g\u00fcvenle t\u00fcketiciye ula\u015fmas\u0131 ise ayr\u0131 bir \u00f6zen gerektiriyor. \u0130\u015fte <strong><span style=\"color: #009640;\">Freezeva<\/span><\/strong> bu anlay\u0131\u015fla do\u011fdu.<\/span><\/p>\n<p>&nbsp;<\/p>\n<p style=\"text-align: justify;\"><span style=\"font-size: 20px; font-weight: 300; color: #666666;\">Amac\u0131m\u0131z; do\u011fadan gelen en saf lezzetleri, katk\u0131s\u0131z, koruyucusuz ve %100 ger\u00e7ek meyve olarak sizlere ula\u015ft\u0131rmak. Freeze-dry teknolojisi sayesinde meyvelerin do\u011fal tat, renk ve aromalar\u0131n\u0131 koruyarak, uzun \u00f6m\u00fcrl\u00fc ve pratik at\u0131\u015ft\u0131rmal\u0131klara d\u00f6n\u00fc\u015ft\u00fcr\u00fcyoruz.<\/span><\/p>\n<\/div><\/div><\/div><div class=\"cz_gap clr \" style=\"height: 30px\"><\/div><\/div><\/div><\/div><\/div><\/div><\/div>[\/vc_column][vc_column offset=&#8221;vc_col-md-6&#8243;]<div id=\"cz_72129\" data-position=\"top-right\" class=\"cz_72129 cz_image clr cz_image_no_fx center_on_mobile\"><div class=\"\" ><div class=\"cz_image_in\"><div class=\"cz_main_image\"><img fetchpriority=\"high\" loading=\"eager\" decoding=\"sync\" data-no-lazy=\"1\" width=\"800\" height=\"600\" src=\"https:\/\/freezeva.com\/tr\/wp-content\/uploads\/2025\/09\/biz-kimiz.jpg\" class=\"attachment-full\" alt=\"Biz kimiz\" title=\"biz-kimiz\" srcset=\"https:\/\/freezeva.com\/tr\/wp-content\/uploads\/2025\/09\/biz-kimiz.jpg 800w, https:\/\/freezeva.com\/tr\/wp-content\/uploads\/2025\/09\/biz-kimiz-600x450.jpg 600w, https:\/\/freezeva.com\/tr\/wp-content\/uploads\/2025\/09\/biz-kimiz-300x225.jpg 300w, https:\/\/freezeva.com\/tr\/wp-content\/uploads\/2025\/09\/biz-kimiz-768x576.jpg 768w\" sizes=\"(max-width: 800px) 100vw, 800px\"  \/><\/div><\/div><\/div><\/div>[\/vc_column][\/vc_row][vc_row css=&#8221;.vc_custom_1556484376874{margin-top: -80px !important;}&#8221;][vc_column]<div class=\"cz_gap clr  hide_on_mobile\" style=\"height: 180px\"><\/div><div class=\"cz_gap show_on_mobile clr\" style=\"height: 50px\"><\/div>[\/vc_column][\/vc_row][vc_row][vc_column offset=&#8221;vc_col-md-6&#8243;]<div id=\"cz_54619\" data-position=\"top-right\" class=\"cz_54619 cz_image clr cz_image_no_fx center_on_mobile\"><div class=\"\" ><div class=\"cz_image_in\"><div class=\"cz_main_image\"><img decoding=\"async\" width=\"800\" height=\"600\" src=\"https:\/\/freezeva.com\/tr\/wp-content\/uploads\/2025\/09\/biz-kimiz-2.jpg\" class=\"attachment-full\" alt=\"Biz kimiz 2\" title=\"biz-kimiz-2\" srcset=\"https:\/\/freezeva.com\/tr\/wp-content\/uploads\/2025\/09\/biz-kimiz-2.jpg 800w, https:\/\/freezeva.com\/tr\/wp-content\/uploads\/2025\/09\/biz-kimiz-2-600x450.jpg 600w, https:\/\/freezeva.com\/tr\/wp-content\/uploads\/2025\/09\/biz-kimiz-2-300x225.jpg 300w, https:\/\/freezeva.com\/tr\/wp-content\/uploads\/2025\/09\/biz-kimiz-2-768x576.jpg 768w\" sizes=\"auto, (max-width: 800px) 100vw, 800px\" loading=\"lazy\" \/><\/div><\/div><\/div><\/div><div class=\"cz_gap clr  hide_on_tablet hide_on_mobile\" style=\"height: 1px\"><\/div><div class=\"cz_gap show_on_tablet clr \" style=\"height: 30px\"><\/div>[\/vc_column][vc_column offset=&#8221;vc_col-md-6&#8243;]<div class=\"cz_gap clr \" style=\"height: 30px\"><\/div><div id=\"cz_61221\" class=\"cz_61221 cz_title clr cz_mobile_text_center cz_title_pos_inline\"><div class=\"cz_title_content\"><div class=\"cz_wpe_content\"><h2 style=\"text-align: left;\"><span style=\"color: #009640;\">V\u0130ZYON &amp; M\u0130SYON<br \/>\n<\/span><\/h2>\n<p style=\"text-align: left;\"><span style=\"font-size: 22px; color: #2daae1;\">Ne yap\u0131yoruz?<\/span><span style=\"color: #009640; font-size: 22px;\"><br \/>\n<\/span><\/p>\n<\/div><\/div><\/div><div id=\"cz_67435\" class=\"cz_67435 cz_title clr cz_mobile_text_center cz_title_pos_inline\"><div class=\"cz_title_content\"><div class=\"cz_wpe_content\"><p style=\"text-align: justify;\"><span style=\"font-size: 20px; margin-top: 10px; display: inline-block;\"><br \/>\n<span style=\"color: #666666;\"><span style=\"color: #009640;\"><strong>Freezeva<\/strong><\/span> olarak vizyonumuz; g\u00fcvenilir g\u0131daya eri\u015fimde bir k\u00f6pr\u00fc olmak ve g\u00fcnl\u00fck ya\u015fam\u0131n her an\u0131nda yan\u0131n\u0131zda olabilecek sa\u011fl\u0131kl\u0131 se\u00e7enekler sunmakt\u0131r. Spor \u00f6ncesinde, okulda, ofiste, do\u011fa y\u00fcr\u00fcy\u00fc\u015flerinde veya sadece keyifli bir mola an\u0131nda, \u00fcr\u00fcnlerimiz do\u011fall\u0131\u011f\u0131n ve sa\u011fl\u0131\u011f\u0131n en pratik haliyle sizinle bulu\u015fuyor.<\/span><br \/>\n<\/span><\/p>\n<\/div><\/div><\/div><div class=\"cz_gap clr \" style=\"height: 70px\"><\/div><div class=\"clr cz_parallax_v_5\"><div class=\"cz_eqh cz_content_box_parent_fx  z99\"><div id=\"cz_63358\" class=\"cz_63358 cz_content_box clr\"><div class=\"cz_box_front clr\"><div class=\"cz_box_front_inner clr \"><span><\/span><div><div class=\"clr\"><ul id=\"cz_62809\" class=\"cz_62809 cz_stylish_list clr cz_sl_icon_hover_push_in\"><li class=\"clr\"><div class=\"cz_sl_icon cz_sl_image\"><i class=\"mr10\"><img decoding=\"async\" width=\"512\" height=\"512\" src=\"https:\/\/freezeva.com\/tr\/wp-content\/uploads\/2025\/09\/cropped-favico.png\" class=\"attachment-full\" alt=\"Cropped favico png\" title=\"cropped-favico.png\" srcset=\"https:\/\/freezeva.com\/tr\/wp-content\/uploads\/2025\/09\/cropped-favico.png 512w, https:\/\/freezeva.com\/tr\/wp-content\/uploads\/2025\/09\/cropped-favico-300x300.png 300w, https:\/\/freezeva.com\/tr\/wp-content\/uploads\/2025\/09\/cropped-favico-150x150.png 150w, https:\/\/freezeva.com\/tr\/wp-content\/uploads\/2025\/09\/cropped-favico-270x270.png 270w, https:\/\/freezeva.com\/tr\/wp-content\/uploads\/2025\/09\/cropped-favico-192x192.png 192w, https:\/\/freezeva.com\/tr\/wp-content\/uploads\/2025\/09\/cropped-favico-180x180.png 180w, https:\/\/freezeva.com\/tr\/wp-content\/uploads\/2025\/09\/cropped-favico-32x32.png 32w\" sizes=\"auto, (max-width: 512px) 100vw, 512px\" loading=\"lazy\" \/><\/i><\/div><div><span>\u015eeker \u0130lavesiz<\/span><\/div><\/li><li class=\"clr\"><div class=\"cz_sl_icon cz_sl_image\"><i class=\"mr10\"><img decoding=\"async\" width=\"512\" height=\"512\" src=\"https:\/\/freezeva.com\/tr\/wp-content\/uploads\/2025\/09\/cropped-favico.png\" class=\"attachment-full\" alt=\"Cropped favico png\" title=\"cropped-favico.png\" srcset=\"https:\/\/freezeva.com\/tr\/wp-content\/uploads\/2025\/09\/cropped-favico.png 512w, https:\/\/freezeva.com\/tr\/wp-content\/uploads\/2025\/09\/cropped-favico-300x300.png 300w, https:\/\/freezeva.com\/tr\/wp-content\/uploads\/2025\/09\/cropped-favico-150x150.png 150w, https:\/\/freezeva.com\/tr\/wp-content\/uploads\/2025\/09\/cropped-favico-270x270.png 270w, https:\/\/freezeva.com\/tr\/wp-content\/uploads\/2025\/09\/cropped-favico-192x192.png 192w, https:\/\/freezeva.com\/tr\/wp-content\/uploads\/2025\/09\/cropped-favico-180x180.png 180w, https:\/\/freezeva.com\/tr\/wp-content\/uploads\/2025\/09\/cropped-favico-32x32.png 32w\" sizes=\"auto, (max-width: 512px) 100vw, 512px\" loading=\"lazy\" \/><\/i><\/div><div><span>%100 Ger\u00e7ek Meyve<\/span><\/div><\/li><li class=\"clr\"><div class=\"cz_sl_icon cz_sl_image\"><i class=\"mr10\"><img decoding=\"async\" width=\"512\" height=\"512\" src=\"https:\/\/freezeva.com\/tr\/wp-content\/uploads\/2025\/09\/cropped-favico.png\" class=\"attachment-full\" alt=\"Cropped favico png\" title=\"cropped-favico.png\" srcset=\"https:\/\/freezeva.com\/tr\/wp-content\/uploads\/2025\/09\/cropped-favico.png 512w, https:\/\/freezeva.com\/tr\/wp-content\/uploads\/2025\/09\/cropped-favico-300x300.png 300w, https:\/\/freezeva.com\/tr\/wp-content\/uploads\/2025\/09\/cropped-favico-150x150.png 150w, https:\/\/freezeva.com\/tr\/wp-content\/uploads\/2025\/09\/cropped-favico-270x270.png 270w, https:\/\/freezeva.com\/tr\/wp-content\/uploads\/2025\/09\/cropped-favico-192x192.png 192w, https:\/\/freezeva.com\/tr\/wp-content\/uploads\/2025\/09\/cropped-favico-180x180.png 180w, https:\/\/freezeva.com\/tr\/wp-content\/uploads\/2025\/09\/cropped-favico-32x32.png 32w\" sizes=\"auto, (max-width: 512px) 100vw, 512px\" loading=\"lazy\" \/><\/i><\/div><div><span>Glutensiz & Vegan<\/span><\/div><\/li><li class=\"clr\"><div class=\"cz_sl_icon cz_sl_image\"><i class=\"mr10\"><img decoding=\"async\" width=\"512\" height=\"512\" src=\"https:\/\/freezeva.com\/tr\/wp-content\/uploads\/2025\/09\/cropped-favico.png\" class=\"attachment-full\" alt=\"Cropped favico png\" title=\"cropped-favico.png\" srcset=\"https:\/\/freezeva.com\/tr\/wp-content\/uploads\/2025\/09\/cropped-favico.png 512w, https:\/\/freezeva.com\/tr\/wp-content\/uploads\/2025\/09\/cropped-favico-300x300.png 300w, https:\/\/freezeva.com\/tr\/wp-content\/uploads\/2025\/09\/cropped-favico-150x150.png 150w, https:\/\/freezeva.com\/tr\/wp-content\/uploads\/2025\/09\/cropped-favico-270x270.png 270w, https:\/\/freezeva.com\/tr\/wp-content\/uploads\/2025\/09\/cropped-favico-192x192.png 192w, https:\/\/freezeva.com\/tr\/wp-content\/uploads\/2025\/09\/cropped-favico-180x180.png 180w, https:\/\/freezeva.com\/tr\/wp-content\/uploads\/2025\/09\/cropped-favico-32x32.png 32w\" sizes=\"auto, (max-width: 512px) 100vw, 512px\" loading=\"lazy\" \/><\/i><\/div><div><span>Y\u00fcksek Besin De\u011feri<\/span><\/div><\/li><li class=\"clr\"><div class=\"cz_sl_icon cz_sl_image\"><i class=\"mr10\"><img decoding=\"async\" width=\"512\" height=\"512\" src=\"https:\/\/freezeva.com\/tr\/wp-content\/uploads\/2025\/09\/cropped-favico.png\" class=\"attachment-full\" alt=\"Cropped favico png\" title=\"cropped-favico.png\" srcset=\"https:\/\/freezeva.com\/tr\/wp-content\/uploads\/2025\/09\/cropped-favico.png 512w, https:\/\/freezeva.com\/tr\/wp-content\/uploads\/2025\/09\/cropped-favico-300x300.png 300w, https:\/\/freezeva.com\/tr\/wp-content\/uploads\/2025\/09\/cropped-favico-150x150.png 150w, https:\/\/freezeva.com\/tr\/wp-content\/uploads\/2025\/09\/cropped-favico-270x270.png 270w, https:\/\/freezeva.com\/tr\/wp-content\/uploads\/2025\/09\/cropped-favico-192x192.png 192w, https:\/\/freezeva.com\/tr\/wp-content\/uploads\/2025\/09\/cropped-favico-180x180.png 180w, https:\/\/freezeva.com\/tr\/wp-content\/uploads\/2025\/09\/cropped-favico-32x32.png 32w\" sizes=\"auto, (max-width: 512px) 100vw, 512px\" loading=\"lazy\" \/><\/i><\/div><div><span>Hafif, Ta\u015f\u0131mas\u0131 Kolay<\/span><\/div><\/li><li class=\"clr\"><div class=\"cz_sl_icon cz_sl_image\"><i class=\"mr10\"><img decoding=\"async\" width=\"512\" height=\"512\" src=\"https:\/\/freezeva.com\/tr\/wp-content\/uploads\/2025\/09\/cropped-favico.png\" class=\"attachment-full\" alt=\"Cropped favico png\" title=\"cropped-favico.png\" srcset=\"https:\/\/freezeva.com\/tr\/wp-content\/uploads\/2025\/09\/cropped-favico.png 512w, https:\/\/freezeva.com\/tr\/wp-content\/uploads\/2025\/09\/cropped-favico-300x300.png 300w, https:\/\/freezeva.com\/tr\/wp-content\/uploads\/2025\/09\/cropped-favico-150x150.png 150w, https:\/\/freezeva.com\/tr\/wp-content\/uploads\/2025\/09\/cropped-favico-270x270.png 270w, https:\/\/freezeva.com\/tr\/wp-content\/uploads\/2025\/09\/cropped-favico-192x192.png 192w, https:\/\/freezeva.com\/tr\/wp-content\/uploads\/2025\/09\/cropped-favico-180x180.png 180w, https:\/\/freezeva.com\/tr\/wp-content\/uploads\/2025\/09\/cropped-favico-32x32.png 32w\" sizes=\"auto, (max-width: 512px) 100vw, 512px\" loading=\"lazy\" \/><\/i><\/div><div><span>Uzun Raf \u00d6mr\u00fc<\/span><\/div><\/li><\/ul><\/div><\/div><\/div><\/div><\/div><\/div><\/div><div class=\"cz_gap clr \" style=\"height: 1px\"><\/div>[\/vc_column][\/vc_row][vc_row][vc_column]<div class=\"cz_gap clr  hide_on_mobile\" style=\"height: 150px\"><\/div><div class=\"cz_gap show_on_mobile clr\" style=\"height: 0px\"><\/div>[\/vc_column][\/vc_row]<\/p>\n<\/div>","protected":false},"excerpt":{"rendered":"<p>[vc_row css=&#8221;.vc_custom_1556484376874{margin-top: -80px !important;}&#8221;][vc_column][\/vc_column][\/vc_row][vc_row full_width=&#8221;stretch_row&#8221;][vc_column offset=&#8221;vc_col-md-6&#8243;][\/vc_column][vc_column offset=&#8221;vc_col-md-6&#8243;][\/vc_column][\/vc_row][vc_row css=&#8221;.vc_custom_1556484376874{margin-top: -80px !important;}&#8221;][vc_column][\/vc_column][\/vc_row][vc_row][vc_column offset=&#8221;vc_col-md-6&#8243;][\/vc_column][vc_column &#8230; <\/p>\n","protected":false},"author":1,"featured_media":0,"parent":0,"menu_order":0,"comment_status":"closed","ping_status":"closed","template":"","meta":{"footnotes":""},"class_list":["post-6","page","type-page","status-publish","hentry"],"_links":{"self":[{"href":"https:\/\/freezeva.com\/tr\/wp-json\/wp\/v2\/pages\/6","targetHints":{"allow":["GET"]}}],"collection":[{"href":"https:\/\/freezeva.com\/tr\/wp-json\/wp\/v2\/pages"}],"about":[{"href":"https:\/\/freezeva.com\/tr\/wp-json\/wp\/v2\/types\/page"}],"author":[{"embeddable":true,"href":"https:\/\/freezeva.com\/tr\/wp-json\/wp\/v2\/users\/1"}],"replies":[{"embeddable":true,"href":"https:\/\/freezeva.com\/tr\/wp-json\/wp\/v2\/comments?post=6"}],"version-history":[{"count":23,"href":"https:\/\/freezeva.com\/tr\/wp-json\/wp\/v2\/pages\/6\/revisions"}],"predecessor-version":[{"id":1765,"href":"https:\/\/freezeva.com\/tr\/wp-json\/wp\/v2\/pages\/6\/revisions\/1765"}],"wp:attachment":[{"href":"https:\/\/freezeva.com\/tr\/wp-json\/wp\/v2\/media?parent=6"}],"curies":[{"name":"wp","href":"https:\/\/api.w.org\/{rel}","templated":true}]}}