{"id":2118,"date":"2025-10-31T05:11:43","date_gmt":"2025-10-31T02:11:43","guid":{"rendered":"https:\/\/freezeva.com\/tr\/?post_type=product&#038;p=2118"},"modified":"2026-02-26T15:39:58","modified_gmt":"2026-02-26T12:39:58","slug":"freezeva-dondurularak-kurutulmus-bogurtlen-20-gr","status":"publish","type":"product","link":"https:\/\/freezeva.com\/tr\/urun\/freezeva-dondurularak-kurutulmus-bogurtlen-20-gr\/","title":{"rendered":"Freezeva Dondurularak Kurutulmu\u015f B\u00f6\u011f\u00fcrtlen 20 gr"},"content":{"rendered":"","protected":false},"excerpt":{"rendered":"<p>[vc_row][vc_column][cz_title id=\"cz_83685\"]<\/p>\n<h2><span style=\"color: #009640;\"><span style=\"font-size: 42px; color: #666666;\">Freeze Dried B\u00f6\u011f\u00fcrtlen <\/span><span ... \n<\/p>\n","protected":false},"featured_media":2310,"comment_status":"open","ping_status":"closed","template":"","meta":[],"product_brand":[105],"product_cat":[111,106,104,109],"product_tag":[],"class_list":{"0":"post-2118","1":"product","2":"type-product","3":"status-publish","4":"has-post-thumbnail","6":"product_brand-freezeva","7":"product_cat-dondurularak-kurutulmus","8":"product_cat-freeze-dried-fruits","9":"product_cat-genel","10":"product_cat-kurutulmus-meyve","12":"first","13":"instock","14":"sale","15":"shipping-taxable","16":"purchasable","17":"product-type-simple"},"_links":{"self":[{"href":"https:\/\/freezeva.com\/tr\/wp-json\/wp\/v2\/product\/2118","targetHints":{"allow":["GET"]}}],"collection":[{"href":"https:\/\/freezeva.com\/tr\/wp-json\/wp\/v2\/product"}],"about":[{"href":"https:\/\/freezeva.com\/tr\/wp-json\/wp\/v2\/types\/product"}],"replies":[{"embeddable":true,"href":"https:\/\/freezeva.com\/tr\/wp-json\/wp\/v2\/comments?post=2118"}],"wp:featuredmedia":[{"embeddable":true,"href":"https:\/\/freezeva.com\/tr\/wp-json\/wp\/v2\/media\/2310"}],"wp:attachment":[{"href":"https:\/\/freezeva.com\/tr\/wp-json\/wp\/v2\/media?parent=2118"}],"wp:term":[{"taxonomy":"product_brand","embeddable":true,"href":"https:\/\/freezeva.com\/tr\/wp-json\/wp\/v2\/product_brand?post=2118"},{"taxonomy":"product_cat","embeddable":true,"href":"https:\/\/freezeva.com\/tr\/wp-json\/wp\/v2\/product_cat?post=2118"},{"taxonomy":"product_tag","embeddable":true,"href":"https:\/\/freezeva.com\/tr\/wp-json\/wp\/v2\/product_tag?post=2118"}],"curies":[{"name":"wp","href":"https:\/\/api.w.org\/{rel}","templated":true}]}}