{"id":2245,"date":"2025-12-02T09:54:17","date_gmt":"2025-12-02T06:54:17","guid":{"rendered":"https:\/\/freezeva.com\/tr\/?post_type=product&#038;p=2245"},"modified":"2026-02-26T15:38:58","modified_gmt":"2026-02-26T12:38:58","slug":"freezeva-freeze-dry-kuru-meyve-6li-tanisma-paketi","status":"publish","type":"product","link":"https:\/\/freezeva.com\/tr\/urun\/freezeva-freeze-dry-kuru-meyve-6li-tanisma-paketi\/","title":{"rendered":"Freezeva Freeze Dried Kurutulmu\u015f Meyve 6&#8217;l\u0131 Tan\u0131\u015fma Paketi"},"content":{"rendered":"","protected":false},"excerpt":{"rendered":"<p>\ud83d\udd25 \u0130lk kez deneyenlerin %80\u2019i bu paketi se\u00e7iyor.<\/p>\n<p>6 farkl\u0131 Freezeva lezzeti &#8230; <\/p>\n","protected":false},"featured_media":2301,"comment_status":"open","ping_status":"closed","template":"","meta":[],"product_brand":[],"product_cat":[111,112,106,110,109],"product_tag":[128,119,115,116,113,117,114,118],"class_list":{"0":"post-2245","1":"product","2":"type-product","3":"status-publish","4":"has-post-thumbnail","6":"product_cat-dondurularak-kurutulmus","7":"product_cat-dondurularak-kurutulmus-meyve","8":"product_cat-freeze-dried-fruits","9":"product_cat-kuru-meyve","10":"product_cat-kurutulmus-meyve","11":"product_tag-avantajli-paket-en-cok-tercih-edilen-tanisma-paketi-599-tl","12":"product_tag-cilek-kurusu","13":"product_tag-dondurularak-kurutulmus","14":"product_tag-dondurularak-kurutulmus-meyve","15":"product_tag-kuru-meyve","16":"product_tag-kuru-meyve-cipsi","17":"product_tag-kurutulmus-meyve","18":"product_tag-saglikli-atistirmalik","20":"first","21":"instock","22":"sale","23":"shipping-taxable","24":"purchasable","25":"product-type-simple"},"_links":{"self":[{"href":"https:\/\/freezeva.com\/tr\/wp-json\/wp\/v2\/product\/2245","targetHints":{"allow":["GET"]}}],"collection":[{"href":"https:\/\/freezeva.com\/tr\/wp-json\/wp\/v2\/product"}],"about":[{"href":"https:\/\/freezeva.com\/tr\/wp-json\/wp\/v2\/types\/product"}],"replies":[{"embeddable":true,"href":"https:\/\/freezeva.com\/tr\/wp-json\/wp\/v2\/comments?post=2245"}],"wp:featuredmedia":[{"embeddable":true,"href":"https:\/\/freezeva.com\/tr\/wp-json\/wp\/v2\/media\/2301"}],"wp:attachment":[{"href":"https:\/\/freezeva.com\/tr\/wp-json\/wp\/v2\/media?parent=2245"}],"wp:term":[{"taxonomy":"product_brand","embeddable":true,"href":"https:\/\/freezeva.com\/tr\/wp-json\/wp\/v2\/product_brand?post=2245"},{"taxonomy":"product_cat","embeddable":true,"href":"https:\/\/freezeva.com\/tr\/wp-json\/wp\/v2\/product_cat?post=2245"},{"taxonomy":"product_tag","embeddable":true,"href":"https:\/\/freezeva.com\/tr\/wp-json\/wp\/v2\/product_tag?post=2245"}],"curies":[{"name":"wp","href":"https:\/\/api.w.org\/{rel}","templated":true}]}}